{"id":14827,"date":"2023-05-26T20:30:19","date_gmt":"2023-05-26T18:30:19","guid":{"rendered":"https:\/\/berufe.aretis-staging.ch\/?page_id=14827"},"modified":"2023-06-01T17:43:50","modified_gmt":"2023-06-01T15:43:50","slug":"protection-des-donnees-2","status":"publish","type":"page","link":"https:\/\/www.berufsverband-beratende-berufe.ch\/fr\/protection-des-donnees-2\/","title":{"rendered":"Protection des donn\u00e9es"},"content":{"rendered":"<div id='av_section_1'  class='avia-section av-1zhvcqz-78f9d3a25cdd0f863e2701c2fb95cb7f alternate_color avia-section-large avia-no-border-styling  avia-builder-el-0  avia-builder-el-no-sibling  avia-bg-style-scroll container_wrap fullsize'  ><div class='container av-section-cont-open' ><main  class='template-page content  av-content-full alpha units'><div class='post-entry post-entry-type-page post-entry-14827'><div class='entry-content-wrapper clearfix'>\n\n<style type=\"text\/css\" data-created_by=\"avia_inline_auto\" id=\"style-css-av-li5xx03h-90bc226c2bf1ee27f78dd23b062afc4f\">\n#top .av-special-heading.av-li5xx03h-90bc226c2bf1ee27f78dd23b062afc4f{\npadding-bottom:10px;\n}\nbody .av-special-heading.av-li5xx03h-90bc226c2bf1ee27f78dd23b062afc4f .av-special-heading-tag .heading-char{\nfont-size:25px;\n}\n.av-special-heading.av-li5xx03h-90bc226c2bf1ee27f78dd23b062afc4f .av-subheading{\nfont-size:15px;\n}\n<\/style>\n<div  class='av-special-heading av-li5xx03h-90bc226c2bf1ee27f78dd23b062afc4f av-special-heading-h1 blockquote modern-quote modern-centered  avia-builder-el-1  el_before_av_one_full  avia-builder-el-first'><h1 class='av-special-heading-tag'  >D\u00e9claration de confidentialit\u00e9<\/h1><div class='av-subheading av-subheading_below'><p>Association professionnelle des professions de conseil<\/p>\n<\/div><div class=\"special-heading-border\"><div class=\"special-heading-inner-border\"><\/div><\/div><\/div>\n\n<style type=\"text\/css\" data-created_by=\"avia_inline_auto\" id=\"style-css-av-sdsfu3-a28c0b7c03caf555b1dd522e97565878\">\n#top .flex_column.av-sdsfu3-a28c0b7c03caf555b1dd522e97565878{\nmargin-top:20px;\nmargin-bottom:0px;\n}\n.responsive #top #wrap_all .flex_column.av-sdsfu3-a28c0b7c03caf555b1dd522e97565878{\nmargin-top:20px;\nmargin-bottom:0px;\n}\n<\/style>\n<div  class='flex_column av-sdsfu3-a28c0b7c03caf555b1dd522e97565878 av_one_full  avia-builder-el-2  el_after_av_heading  avia-builder-el-last  first flex_column_div'     ><section  class='av_textblock_section av-li5y0z23-0fca847d67ed4a3ae6ebb1e5bbbf7e10'  ><div class='avia_textblock' ><p>L'association professionnelle des professions de conseil est l'exploitant du site web <a href=\"https:\/\/www.berufsverband-beratende-berufe.ch\/fr\/\">www.berufsverband-beratende-berufe.ch<\/a> et donc responsable de la collecte, du traitement et de l'utilisation de vos donn\u00e9es personnelles et de la compatibilit\u00e9 du traitement des donn\u00e9es avec la l\u00e9gislation en vigueur.<\/p>\n<p>Votre confiance est importante pour nous. Nous prenons le th\u00e8me de la protection des donn\u00e9es au s\u00e9rieux et veillons \u00e0 la s\u00e9curit\u00e9 correspondante. Nous respectons bien entendu les dispositions l\u00e9gales de la loi f\u00e9d\u00e9rale sur la protection des donn\u00e9es (LPD), de l'ordonnance relative \u00e0 la loi f\u00e9d\u00e9rale sur la protection des donn\u00e9es (OLPD), de la loi sur les t\u00e9l\u00e9communications (LTC) et, dans la mesure o\u00f9 elles sont applicables, d'autres dispositions relatives \u00e0 la protection des donn\u00e9es, en particulier le r\u00e8glement g\u00e9n\u00e9ral sur la protection des donn\u00e9es de l'Union europ\u00e9enne (RGPD).<\/p>\n<p>Pour savoir quelles donn\u00e9es personnelles nous collectons aupr\u00e8s de vous et \u00e0 quelles fins nous les utilisons, veuillez prendre connaissance des informations ci-dessous.<\/p>\n<h4>Responsable<\/h4>\n<p>Association professionnelle des professions de conseil<\/p>\n<p>Spitalgasse 33<br \/>\n3011 Berne<\/p>\n<p>verband@berufsverband-beratende-berufe.ch<br \/>\n031 329 28 00<\/p>\n<h4>Protection de votre vie priv\u00e9e<\/h4>\n<p>Les donn\u00e9es personnelles sont trait\u00e9es de mani\u00e8re strictement confidentielle et ne sont ni vendues ni transmises \u00e0 des tiers. Toute personne a droit \u00e0 la protection de sa sph\u00e8re priv\u00e9e ainsi qu'\u00e0 la protection contre l'utilisation abusive de ses donn\u00e9es personnelles, en vertu de l'article 13 de la Constitution f\u00e9d\u00e9rale suisse et des dispositions f\u00e9d\u00e9rales relatives \u00e0 la protection des donn\u00e9es (loi sur la protection des donn\u00e9es, LPD). Nous respectons ces dispositions.<\/p>\n<p>En \u00e9troite collaboration avec nos h\u00e9bergeurs, nous nous effor\u00e7ons de prot\u00e9ger autant que possible les bases de donn\u00e9es contre les acc\u00e8s \u00e9trangers, les pertes, les abus ou les falsifications.<\/p>\n<h4>Cryptage SSL<\/h4>\n<p>Afin de prot\u00e9ger la s\u00e9curit\u00e9 de vos donn\u00e9es lors de leur transmission, nous utilisons des proc\u00e9dures de cryptage (SSL) conformes \u00e0 l'\u00e9tat actuel de la technique via HTTPS.<\/p>\n<h4>Traitement automatique des donn\u00e9es sur ce site Internet<\/h4>\n<p>Lors de la visite de\u00a0 <a href=\"https:\/\/www.berufsverband-beratende-berufe.ch\/fr\/\">www.berufsverband-beratende-berufe.ch<\/a> nos serveurs enregistrent temporairement chaque acc\u00e8s dans un fichier journal. Les donn\u00e9es suivantes sont saisies sans intervention de votre part et enregistr\u00e9es par nos soins jusqu'\u00e0 leur suppression automatis\u00e9e au bout de douze mois au maximum :<\/p>\n<ul>\n<li>l'adresse IP de l'ordinateur demandeur,<\/li>\n<li>la date et l'heure de l'acc\u00e8s,<\/li>\n<li>le nom et l'URL du fichier consult\u00e9,<\/li>\n<li>le site web \u00e0 partir duquel l'acc\u00e8s a eu lieu,<\/li>\n<li>le syst\u00e8me d'exploitation de votre ordinateur et le navigateur que vous utilisez,<\/li>\n<li>le pays \u00e0 partir duquel vous avez acc\u00e9d\u00e9 au site et les param\u00e8tres de langue de votre navigateur, et<\/li>\n<li>le nom de votre fournisseur d'acc\u00e8s \u00e0 Internet.<\/li>\n<\/ul>\n<p>La collecte et le traitement de ces donn\u00e9es ont pour but de permettre l'utilisation de notre site web (\u00e9tablissement de la connexion), de garantir la s\u00e9curit\u00e9 et la stabilit\u00e9 du syst\u00e8me et de permettre l'optimisation de notre offre Internet ainsi qu'\u00e0 des fins statistiques internes. L'adresse IP est notamment utilis\u00e9e pour saisir le pays de s\u00e9jour du visiteur du site web et pour proc\u00e9der \u00e0 un pr\u00e9r\u00e9glage de la langue du site web en fonction de celui-ci. En outre, l'adresse IP est utilis\u00e9e en cas d'attaques sur l'infrastructure du r\u00e9seau de <a href=\"\/fr\/www.berufsverband-beratende-berufe.ch\/\">www.berufsverband-beratende-berufe.ch<\/a> et analys\u00e9es \u00e0 des fins statistiques.<\/p>\n<p>En outre, lors de la visite de notre site web, nous utilisons ce que l'on appelle des pixels et des cookies pour afficher de la publicit\u00e9 personnalis\u00e9e ainsi que pour utiliser des services d'analyse web.<\/p>\n<h4>Types de donn\u00e9es trait\u00e9es<\/h4>\n<ul>\n<li>donn\u00e9es d'inventaire (par ex., noms, adresses).<\/li>\n<li>les coordonn\u00e9es (par exemple, e-mail, num\u00e9ros de t\u00e9l\u00e9phone).<\/li>\n<li>donn\u00e9es de contenu (par exemple, saisie de texte, photographies, vid\u00e9os).<\/li>\n<li>Donn\u00e9es d'utilisation (par exemple, pages web visit\u00e9es, int\u00e9r\u00eat pour le contenu, temps d'acc\u00e8s).<\/li>\n<li>M\u00e9tadonn\u00e9es\/donn\u00e9es de communication (par ex., informations sur les appareils, adresses IP).<\/li>\n<\/ul>\n<h4>Finalit\u00e9 du traitement<\/h4>\n<ul>\n<li>Mise \u00e0 disposition de l'offre en ligne, de ses fonctions et de son contenu<\/li>\n<li>R\u00e9pondre aux demandes de contact et communiquer avec les utilisateurs<\/li>\n<li>Mesures de s\u00e9curit\u00e9<\/li>\n<li>Mesure de la port\u00e9e\/marketing<\/li>\n<\/ul>\n<h4>Utilisation de notre formulaire de contact<\/h4>\n<p>Vous avez la possibilit\u00e9 d'utiliser un formulaire de contact pour entrer en contact avec nous. La saisie des donn\u00e9es personnelles suivantes est obligatoire :<\/p>\n<ul>\n<li>soci\u00e9t\u00e9,<\/li>\n<li>Pr\u00e9nom et nom de famille,<\/li>\n<li>Adresse de l'entreprise (rue, num\u00e9ro, code postal, ville),<\/li>\n<li>Num\u00e9ro de t\u00e9l\u00e9phone,<\/li>\n<li>Nom de domaine,<\/li>\n<li>Adresse \u00e9lectronique<\/li>\n<\/ul>\n<p>Si ces informations ne sont pas fournies, cela peut entraver la fourniture de nos services.<\/p>\n<p>Nous n'utilisons ces donn\u00e9es que pour r\u00e9pondre au mieux et de mani\u00e8re personnalis\u00e9e \u00e0 votre demande de contact. Vous pouvez \u00e0 tout moment vous opposer \u00e0 ce traitement des donn\u00e9es et nous demander de supprimer vos donn\u00e9es (par <a href=\"mailto:verband@berufsverband-beratende-berufe.ch\">Courrier \u00e9lectronique<\/a>).<\/p>\n<h4>Int\u00e9gration de services et de contenus de tiers<\/h4>\n<p>Il peut arriver que des contenus ou des services de prestataires tiers, comme par exemple des plans de ville ou des polices de caract\u00e8res d'autres sites web, soient int\u00e9gr\u00e9s dans notre offre en ligne. L'int\u00e9gration de contenus de fournisseurs tiers suppose toujours que ces derniers per\u00e7oivent l'adresse IP des utilisateurs, car sans cette derni\u00e8re, ils ne pourraient pas envoyer les contenus au navigateur des utilisateurs. L'adresse IP est donc n\u00e9cessaire pour la pr\u00e9sentation de ces contenus. En outre, les fournisseurs de contenus tiers peuvent placer leurs propres cookies et traiter les donn\u00e9es des utilisateurs \u00e0 leurs propres fins. Des profils d'utilisation des utilisateurs peuvent alors \u00eatre cr\u00e9\u00e9s \u00e0 partir des donn\u00e9es trait\u00e9es. Nous utiliserons ces contenus en \u00e9conomisant et en \u00e9vitant autant que possible les donn\u00e9es et choisirons des fournisseurs tiers fiables en ce qui concerne la s\u00e9curit\u00e9 des donn\u00e9es.<\/p>\n<p>La pr\u00e9sentation suivante offre un aper\u00e7u des fournisseurs tiers et de leurs contenus, ainsi que des liens vers leurs d\u00e9clarations de protection des donn\u00e9es, qui contiennent d'autres indications sur le traitement des donn\u00e9es et, en partie d\u00e9j\u00e0 mentionn\u00e9es ici, des possibilit\u00e9s d'opposition (dites Opt-Out) :<\/p>\n<p>Polices de caract\u00e8res externes de Google, Inc., https:\/\/www.google.com\/fonts (\"Google Fonts\"). L'int\u00e9gration des Google Fonts se fait par un appel au serveur de Google (en g\u00e9n\u00e9ral aux \u00c9tats-Unis). D\u00e9claration de protection des donn\u00e9es : https:\/\/www.google.com\/policies\/privacy\/, Opt-Out : https:\/\/www.google.com\/settings\/ads\/.<\/p>\n<p>Cartes g\u00e9ographiques du service \"Google Maps\" du fournisseur tiers Google Inc., 1600 Amphitheatre Parkway, Mountain View, CA 94043, USA. D\u00e9claration de protection des donn\u00e9es : https:\/\/www.google.com\/policies\/privacy\/, Opt-Out : https:\/\/www.google.com\/set-tings\/ads\/.<\/p>\n<p>Vid\u00e9os de la plate-forme \"YouTube\" du fournisseur tiers Google Inc., 1600 Amphitheatre Parkway, Mountain View, CA 94043, USA. D\u00e9claration de protection des donn\u00e9es : https:\/\/www.google.com\/policies\/privacy\/, Opt-Out : https:\/\/www.google.com\/settings\/ads\/.<\/p>\n<p>Ce site utilise le service reCAPTCHA de Google Inc. (1600 Amphitheatre Parkway, Mountain View, CA 94043, USA ; \"Google\"). La requ\u00eate a pour but de distinguer si la saisie a \u00e9t\u00e9 effectu\u00e9e par un \u00eatre humain ou par un traitement automatis\u00e9 par une machine. La requ\u00eate inclut l'envoi \u00e0 Google de l'adresse IP et, le cas \u00e9ch\u00e9ant, d'autres donn\u00e9es requises par Google pour le service re-CAPTCHA. \u00c0 cette fin, votre saisie est transmise \u00e0 Google qui l'utilise. Google utilisera ces informations pour le compte de l'exploitant de ce site web afin d'\u00e9valuer votre utilisation de ce service. L'adresse IP transmise par votre navigateur dans le cadre de reCaptcha ne sera pas recoup\u00e9e avec d'autres donn\u00e9es de Google. Vos donn\u00e9es sont alors \u00e9ventuellement transmises aux \u00c9tats-Unis. Le traitement est effectu\u00e9 sur la base de l'art. 6 (1) lettre a du RGPD avec votre consentement. Vous pouvez r\u00e9voquer votre consentement \u00e0 tout moment, sans que la l\u00e9galit\u00e9 du traitement effectu\u00e9 sur la base du consentement jusqu'\u00e0 la r\u00e9vocation n'en soit affect\u00e9e. Vous trouverez de plus amples informations sur Google reCAPTCHA ainsi que la d\u00e9claration de confidentialit\u00e9 correspondante \u00e0 l'adresse suivante : https:\/\/www.google.com\/privacy\/ads\/.<\/p>\n<h4>Transmission des donn\u00e9es \u00e0 des tiers<\/h4>\n<p>Nous ne transmettons vos donn\u00e9es personnelles que si vous y avez express\u00e9ment consenti, s'il existe une obligation l\u00e9gale \u00e0 cet effet ou si cela est n\u00e9cessaire pour faire valoir nos droits, en particulier pour faire valoir des pr\u00e9tentions d\u00e9coulant de la relation entre vous et nous.<\/p>\n<p>En outre, nous transmettons vos donn\u00e9es \u00e0 des tiers dans la mesure o\u00f9 cela est n\u00e9cessaire dans le cadre de l'utilisation du site web pour la mise \u00e0 disposition des services que vous avez demand\u00e9s ainsi que pour l'analyse de votre comportement d'utilisateur. Dans la mesure o\u00f9 cela est n\u00e9cessaire aux fins mentionn\u00e9es dans la premi\u00e8re phrase, la transmission peut \u00e9galement avoir lieu \u00e0 l'\u00e9tranger. Dans la mesure o\u00f9 le site web contient des liens vers des sites web de tiers, nous n'avons plus aucune influence sur la collecte, le traitement, l'enregistrement ou l'utilisation des donn\u00e9es personnelles par le tiers apr\u00e8s avoir cliqu\u00e9 sur ces liens et n'assumons aucune responsabilit\u00e9 \u00e0 cet \u00e9gard.<\/p>\n<h4>Transfert de donn\u00e9es \u00e0 caract\u00e8re personnel \u00e0 l'\u00e9tranger<\/h4>\n<p>Nous sommes \u00e9galement autoris\u00e9s \u00e0 transmettre vos donn\u00e9es personnelles \u00e0 des entreprises tierces (prestataires de services mandat\u00e9s) \u00e0 l'\u00e9tranger, dans la mesure o\u00f9 cela est n\u00e9cessaire pour les traitements de donn\u00e9es d\u00e9crits dans la pr\u00e9sente d\u00e9claration de protection des donn\u00e9es. Ceux-ci sont tenus de respecter la protection des donn\u00e9es dans la m\u00eame mesure que nous-m\u00eames. Si le niveau de protection des donn\u00e9es dans un pays ne correspond pas \u00e0 celui de la Suisse ou de l'Europe, nous nous assurons par contrat que la protection de vos donn\u00e9es personnelles correspond \u00e0 tout moment \u00e0 celle de la Suisse ou de l'UE.<\/p>\n<h4>S\u00e9curit\u00e9 des donn\u00e9es<\/h4>\n<p>Nous avons recours \u00e0 des mesures de s\u00e9curit\u00e9 techniques et organisationnelles appropri\u00e9es afin de prot\u00e9ger vos donn\u00e9es personnelles enregistr\u00e9es chez nous contre toute manipulation, perte partielle ou totale et contre tout acc\u00e8s non autoris\u00e9 par des tiers. Nos mesures de s\u00e9curit\u00e9 sont am\u00e9lior\u00e9es en permanence en fonction de l'\u00e9volution technologique.<\/p>\n<p>Vous devez toujours garder vos informations de paiement confidentielles et fermer la fen\u00eatre de votre navigateur lorsque vous avez termin\u00e9 de communiquer avec nous, en particulier si vous partagez votre ordinateur avec d'autres personnes.<\/p>\n<p>Nous prenons \u00e9galement tr\u00e8s au s\u00e9rieux la protection des donn\u00e9es au sein de l'entreprise. Nos collaborateurs et les entreprises de services que nous mandatons sont tenus au secret professionnel et au respect des dispositions l\u00e9gales en mati\u00e8re de protection des donn\u00e9es.<\/p>\n<h4>Cookies<\/h4>\n<p>Les cookies contribuent sous de nombreux aspects \u00e0 rendre votre visite sur notre site web plus simple, plus agr\u00e9able et plus judicieuse. Les cookies sont des fichiers d'information que votre navigateur web enregistre automatiquement sur le disque dur de votre ordinateur lorsque vous visitez notre site web. Les cookies n'endommagent pas le disque dur de votre ordinateur et ne nous transmettent pas les donn\u00e9es personnelles des utilisateurs.<\/p>\n<p>Nous utilisons par exemple des cookies pour mieux adapter les informations, les offres et la publicit\u00e9 qui vous sont pr\u00e9sent\u00e9es \u00e0 vos int\u00e9r\u00eats individuels. Leur utilisation ne nous permet pas d'obtenir de nouvelles donn\u00e9es personnelles vous concernant en tant que visiteur en ligne. La plupart des navigateurs Internet acceptent automatiquement les cookies. Vous pouvez toutefois configurer votre navigateur de mani\u00e8re \u00e0 ce qu'aucun cookie ne soit enregistr\u00e9 sur votre ordinateur ou qu'un message s'affiche toujours lorsque vous recevez un nouveau cookie.<\/p>\n<p>La d\u00e9sactivation des cookies peut vous emp\u00eacher d'utiliser toutes les fonctionnalit\u00e9s de notre site.<\/p>\n<\/div><\/section><\/div>","protected":false},"excerpt":{"rendered":"","protected":false},"author":1,"featured_media":0,"parent":0,"menu_order":8,"comment_status":"closed","ping_status":"closed","template":"","meta":{"footnotes":""},"folder":[],"class_list":["post-14827","page","type-page","status-publish","hentry"],"yoast_head":"<!-- This site is optimized with the Yoast SEO plugin v27.4 - https:\/\/yoast.com\/product\/yoast-seo-wordpress\/ -->\n<title>Datenschutz - Berufsverband Beratende Berufe<\/title>\n<meta name=\"robots\" content=\"index, follow, max-snippet:-1, max-image-preview:large, max-video-preview:-1\" \/>\n<link rel=\"canonical\" href=\"https:\/\/www.berufsverband-beratende-berufe.ch\/fr\/protection-des-donnees-2\/\" \/>\n<meta property=\"og:locale\" content=\"fr_FR\" \/>\n<meta property=\"og:type\" content=\"article\" \/>\n<meta property=\"og:title\" content=\"Datenschutz - Berufsverband Beratende Berufe\" \/>\n<meta property=\"og:url\" content=\"https:\/\/www.berufsverband-beratende-berufe.ch\/fr\/protection-des-donnees-2\/\" \/>\n<meta property=\"og:site_name\" content=\"Berufsverband Beratende Berufe\" \/>\n<meta property=\"article:modified_time\" content=\"2023-06-01T15:43:50+00:00\" \/>\n<meta name=\"twitter:card\" content=\"summary_large_image\" \/>\n<meta name=\"twitter:label1\" content=\"Dur\u00e9e de lecture estim\u00e9e\" \/>\n\t<meta name=\"twitter:data1\" content=\"10 minutes\" \/>\n<script type=\"application\/ld+json\" class=\"yoast-schema-graph\">{\"@context\":\"https:\\\/\\\/schema.org\",\"@graph\":[{\"@type\":\"WebPage\",\"@id\":\"https:\\\/\\\/www.berufsverband-beratende-berufe.ch\\\/datenschutz\\\/\",\"url\":\"https:\\\/\\\/www.berufsverband-beratende-berufe.ch\\\/datenschutz\\\/\",\"name\":\"Datenschutz - Berufsverband Beratende Berufe\",\"isPartOf\":{\"@id\":\"https:\\\/\\\/www.berufsverband-beratende-berufe.ch\\\/#website\"},\"datePublished\":\"2023-05-26T18:30:19+00:00\",\"dateModified\":\"2023-06-01T15:43:50+00:00\",\"breadcrumb\":{\"@id\":\"https:\\\/\\\/www.berufsverband-beratende-berufe.ch\\\/datenschutz\\\/#breadcrumb\"},\"inLanguage\":\"fr-FR\",\"potentialAction\":[{\"@type\":\"ReadAction\",\"target\":[\"https:\\\/\\\/www.berufsverband-beratende-berufe.ch\\\/datenschutz\\\/\"]}]},{\"@type\":\"BreadcrumbList\",\"@id\":\"https:\\\/\\\/www.berufsverband-beratende-berufe.ch\\\/datenschutz\\\/#breadcrumb\",\"itemListElement\":[{\"@type\":\"ListItem\",\"position\":1,\"name\":\"Startseite\",\"item\":\"https:\\\/\\\/www.berufsverband-beratende-berufe.ch\\\/\"},{\"@type\":\"ListItem\",\"position\":2,\"name\":\"Datenschutz\"}]},{\"@type\":\"WebSite\",\"@id\":\"https:\\\/\\\/www.berufsverband-beratende-berufe.ch\\\/#website\",\"url\":\"https:\\\/\\\/www.berufsverband-beratende-berufe.ch\\\/\",\"name\":\"Berufsverband Beratende Berufe\",\"description\":\"\",\"potentialAction\":[{\"@type\":\"SearchAction\",\"target\":{\"@type\":\"EntryPoint\",\"urlTemplate\":\"https:\\\/\\\/www.berufsverband-beratende-berufe.ch\\\/?s={search_term_string}\"},\"query-input\":{\"@type\":\"PropertyValueSpecification\",\"valueRequired\":true,\"valueName\":\"search_term_string\"}}],\"inLanguage\":\"fr-FR\"}]}<\/script>\n<!-- \/ Yoast SEO plugin. -->","yoast_head_json":{"title":"Protection des donn\u00e9es - Association des professions de conseil","robots":{"index":"index","follow":"follow","max-snippet":"max-snippet:-1","max-image-preview":"max-image-preview:large","max-video-preview":"max-video-preview:-1"},"canonical":"https:\/\/www.berufsverband-beratende-berufe.ch\/fr\/protection-des-donnees-2\/","og_locale":"fr_FR","og_type":"article","og_title":"Datenschutz - Berufsverband Beratende Berufe","og_url":"https:\/\/www.berufsverband-beratende-berufe.ch\/fr\/protection-des-donnees-2\/","og_site_name":"Berufsverband Beratende Berufe","article_modified_time":"2023-06-01T15:43:50+00:00","twitter_card":"summary_large_image","twitter_misc":{"Dur\u00e9e de lecture estim\u00e9e":"10 minutes"},"schema":{"@context":"https:\/\/schema.org","@graph":[{"@type":"WebPage","@id":"https:\/\/www.berufsverband-beratende-berufe.ch\/datenschutz\/","url":"https:\/\/www.berufsverband-beratende-berufe.ch\/datenschutz\/","name":"Protection des donn\u00e9es - Association des professions de conseil","isPartOf":{"@id":"https:\/\/www.berufsverband-beratende-berufe.ch\/#website"},"datePublished":"2023-05-26T18:30:19+00:00","dateModified":"2023-06-01T15:43:50+00:00","breadcrumb":{"@id":"https:\/\/www.berufsverband-beratende-berufe.ch\/datenschutz\/#breadcrumb"},"inLanguage":"fr-FR","potentialAction":[{"@type":"ReadAction","target":["https:\/\/www.berufsverband-beratende-berufe.ch\/datenschutz\/"]}]},{"@type":"BreadcrumbList","@id":"https:\/\/www.berufsverband-beratende-berufe.ch\/datenschutz\/#breadcrumb","itemListElement":[{"@type":"ListItem","position":1,"name":"Startseite","item":"https:\/\/www.berufsverband-beratende-berufe.ch\/"},{"@type":"ListItem","position":2,"name":"Datenschutz"}]},{"@type":"WebSite","@id":"https:\/\/www.berufsverband-beratende-berufe.ch\/#website","url":"https:\/\/www.berufsverband-beratende-berufe.ch\/","name":"Association professionnelle des professions de conseil","description":"","potentialAction":[{"@type":"SearchAction","target":{"@type":"EntryPoint","urlTemplate":"https:\/\/www.berufsverband-beratende-berufe.ch\/?s={search_term_string}"},"query-input":{"@type":"PropertyValueSpecification","valueRequired":true,"valueName":"search_term_string"}}],"inLanguage":"fr-FR"}]}},"_links":{"self":[{"href":"https:\/\/www.berufsverband-beratende-berufe.ch\/fr\/wp-json\/wp\/v2\/pages\/14827","targetHints":{"allow":["GET"]}}],"collection":[{"href":"https:\/\/www.berufsverband-beratende-berufe.ch\/fr\/wp-json\/wp\/v2\/pages"}],"about":[{"href":"https:\/\/www.berufsverband-beratende-berufe.ch\/fr\/wp-json\/wp\/v2\/types\/page"}],"author":[{"embeddable":true,"href":"https:\/\/www.berufsverband-beratende-berufe.ch\/fr\/wp-json\/wp\/v2\/users\/1"}],"replies":[{"embeddable":true,"href":"https:\/\/www.berufsverband-beratende-berufe.ch\/fr\/wp-json\/wp\/v2\/comments?post=14827"}],"version-history":[{"count":5,"href":"https:\/\/www.berufsverband-beratende-berufe.ch\/fr\/wp-json\/wp\/v2\/pages\/14827\/revisions"}],"predecessor-version":[{"id":14892,"href":"https:\/\/www.berufsverband-beratende-berufe.ch\/fr\/wp-json\/wp\/v2\/pages\/14827\/revisions\/14892"}],"wp:attachment":[{"href":"https:\/\/www.berufsverband-beratende-berufe.ch\/fr\/wp-json\/wp\/v2\/media?parent=14827"}],"wp:term":[{"taxonomy":"folder","embeddable":true,"href":"https:\/\/www.berufsverband-beratende-berufe.ch\/fr\/wp-json\/wp\/v2\/folder?post=14827"}],"curies":[{"name":"wp","href":"https:\/\/api.w.org\/{rel}","templated":true}]}}