{"id":14825,"date":"2023-05-26T20:30:05","date_gmt":"2023-05-26T18:30:05","guid":{"rendered":"https:\/\/berufe.aretis-staging.ch\/?page_id=14825"},"modified":"2023-06-01T17:42:35","modified_gmt":"2023-06-01T15:42:35","slug":"mentions-legales-2","status":"publish","type":"page","link":"https:\/\/www.berufsverband-beratende-berufe.ch\/fr\/mentions-legales-2\/","title":{"rendered":"Mentions l\u00e9gales"},"content":{"rendered":"<div id='av_section_1'  class='avia-section av-1zz72g9-99e45cf6c92543dbf43d237998ea7717 alternate_color avia-section-large avia-no-border-styling  avia-builder-el-0  avia-builder-el-no-sibling  avia-bg-style-scroll container_wrap fullsize'  ><div class='container av-section-cont-open' ><main  class='template-page content  av-content-full alpha units'><div class='post-entry post-entry-type-page post-entry-14825'><div class='entry-content-wrapper clearfix'>\n\n<style type=\"text\/css\" data-created_by=\"avia_inline_auto\" id=\"style-css-av-li5xpxei-f81d1c700395d1c17a4f5b1c9ea093be\">\n#top .av-special-heading.av-li5xpxei-f81d1c700395d1c17a4f5b1c9ea093be{\npadding-bottom:10px;\n}\nbody .av-special-heading.av-li5xpxei-f81d1c700395d1c17a4f5b1c9ea093be .av-special-heading-tag .heading-char{\nfont-size:25px;\n}\n.av-special-heading.av-li5xpxei-f81d1c700395d1c17a4f5b1c9ea093be .av-subheading{\nfont-size:15px;\n}\n<\/style>\n<div  class='av-special-heading av-li5xpxei-f81d1c700395d1c17a4f5b1c9ea093be av-special-heading-h1 blockquote modern-quote modern-centered  avia-builder-el-1  el_before_av_one_full  avia-builder-el-first'><h1 class='av-special-heading-tag'  >Mentions l\u00e9gales<\/h1><div class='av-subheading av-subheading_below'><p>Responsable du contenu<\/p>\n<\/div><div class=\"special-heading-border\"><div class=\"special-heading-inner-border\"><\/div><\/div><\/div>\n<div  class='flex_column av-mg8955-ab92296ba91403e421490abd62b5eb2a av_one_full  avia-builder-el-2  el_after_av_heading  avia-builder-el-last  first flex_column_div'     ><section  class='av_textblock_section av-li5xv7v6-a9cf7584287329d093f8179e97148c9e'  ><div class='avia_textblock' ><p><strong>Association professionnelle des professions de conseil<br \/>\n<\/strong><\/p>\n<p>Spitalgasse 33<br \/>\n3011 Berne<\/p>\n<p>T\u00e9l\u00e9phone : +41 31 329 28 00<br \/>\nCourrier \u00e9lectronique : <a href=\"mailto:verband@berufsverband-beratende-berufe.ch\">verband@berufsverband-beratende-berufe.ch<\/a><\/p>\n<hr \/>\n<h3>Clause de non-responsabilit\u00e9<\/h3>\n<p>L'auteur n'assume aucune responsabilit\u00e9 quant \u00e0 la v\u00e9racit\u00e9, l'exactitude, l'actualit\u00e9, la fiabilit\u00e9 et l'exhaustivit\u00e9 du contenu des informations.<\/p>\n<p>L'auteur ne saurait \u00eatre tenu pour responsable des dommages mat\u00e9riels ou immat\u00e9riels qui pourraient \u00eatre caus\u00e9s par l'acc\u00e8s aux informations diffus\u00e9es ou par leur utilisation ou non-utilisation, par le mauvais usage de la connexion ou par des probl\u00e8mes techniques.<\/p>\n<p>Toutes les offres sont sans engagement. L'auteur se r\u00e9serve express\u00e9ment le droit de modifier, de compl\u00e9ter ou de supprimer des parties de pages ou l'ensemble de l'offre sans avis pr\u00e9alable, ou d'en suspendre temporairement ou d\u00e9finitivement la publication.<\/p>\n<hr \/>\n<h3>Responsabilit\u00e9 pour les liens<\/h3>\n<p>Les renvois et liens vers des sites web de tiers ne rel\u00e8vent pas de notre responsabilit\u00e9. Nous d\u00e9clinons toute responsabilit\u00e9 pour de tels sites. L'acc\u00e8s \u00e0 de tels sites et leur utilisation se font aux risques et p\u00e9rils de l'utilisateur ou de l'utilisatrice.<\/p>\n<hr \/>\n<h3>Droits d'auteur<\/h3>\n<p>Les droits d'auteur et tous les autres droits li\u00e9s aux contenus, images, photos ou autres fichiers pr\u00e9sents sur le site web appartiennent exclusivement \u00e0 Professions consultatives ou aux titulaires de droits sp\u00e9cialement cit\u00e9s. Pour la reproduction de tout \u00e9l\u00e9ment, l'accord \u00e9crit des d\u00e9tenteurs des droits d'auteur doit \u00eatre obtenu au pr\u00e9alable.<\/p>\n<hr \/>\n<h3>Protection des donn\u00e9es<\/h3>\n<p>L'association professionnelle des professions de conseil s'en tient \u00e0 la l\u00e9gislation actuelle. <a href=\"https:\/\/www.berufsverband-beratende-berufe.ch\/fr\/protection-des-donnees-2\/\">Loi sur la protection des donn\u00e9es<\/a>.<\/p>\n<\/div><\/section><\/div>","protected":false},"excerpt":{"rendered":"","protected":false},"author":1,"featured_media":0,"parent":0,"menu_order":7,"comment_status":"closed","ping_status":"closed","template":"","meta":{"footnotes":""},"folder":[],"class_list":["post-14825","page","type-page","status-publish","hentry"],"yoast_head":"<!-- This site is optimized with the Yoast SEO plugin v27.4 - https:\/\/yoast.com\/product\/yoast-seo-wordpress\/ -->\n<title>Impressum<\/title>\n<meta name=\"description\" content=\"Impressum und verantwortlich f\u00fcr den Inhalt: Berufsverband Beratende Berufe, Spitalgasse 33, 3011 Bern. Telefon: +41 31 329 28 00\" \/>\n<meta name=\"robots\" content=\"index, follow, max-snippet:-1, max-image-preview:large, max-video-preview:-1\" \/>\n<link rel=\"canonical\" href=\"https:\/\/www.berufsverband-beratende-berufe.ch\/fr\/mentions-legales-2\/\" \/>\n<meta property=\"og:locale\" content=\"fr_FR\" \/>\n<meta property=\"og:type\" content=\"article\" \/>\n<meta property=\"og:title\" content=\"Impressum\" \/>\n<meta property=\"og:description\" content=\"Impressum und verantwortlich f\u00fcr den Inhalt: Berufsverband Beratende Berufe, Spitalgasse 33, 3011 Bern. Telefon: +41 31 329 28 00\" \/>\n<meta property=\"og:url\" content=\"https:\/\/www.berufsverband-beratende-berufe.ch\/fr\/mentions-legales-2\/\" \/>\n<meta property=\"og:site_name\" content=\"Berufsverband Beratende Berufe\" \/>\n<meta property=\"article:modified_time\" content=\"2023-06-01T15:42:35+00:00\" \/>\n<meta name=\"twitter:card\" content=\"summary_large_image\" \/>\n<meta name=\"twitter:label1\" content=\"Dur\u00e9e de lecture estim\u00e9e\" \/>\n\t<meta name=\"twitter:data1\" content=\"3 minutes\" \/>\n<script type=\"application\/ld+json\" class=\"yoast-schema-graph\">{\"@context\":\"https:\\\/\\\/schema.org\",\"@graph\":[{\"@type\":\"WebPage\",\"@id\":\"https:\\\/\\\/www.berufsverband-beratende-berufe.ch\\\/impressum\\\/\",\"url\":\"https:\\\/\\\/www.berufsverband-beratende-berufe.ch\\\/impressum\\\/\",\"name\":\"Impressum\",\"isPartOf\":{\"@id\":\"https:\\\/\\\/www.berufsverband-beratende-berufe.ch\\\/#website\"},\"datePublished\":\"2023-05-26T18:30:05+00:00\",\"dateModified\":\"2023-06-01T15:42:35+00:00\",\"description\":\"Impressum und verantwortlich f\u00fcr den Inhalt: Berufsverband Beratende Berufe, Spitalgasse 33, 3011 Bern. Telefon: +41 31 329 28 00\",\"breadcrumb\":{\"@id\":\"https:\\\/\\\/www.berufsverband-beratende-berufe.ch\\\/impressum\\\/#breadcrumb\"},\"inLanguage\":\"fr-FR\",\"potentialAction\":[{\"@type\":\"ReadAction\",\"target\":[\"https:\\\/\\\/www.berufsverband-beratende-berufe.ch\\\/impressum\\\/\"]}]},{\"@type\":\"BreadcrumbList\",\"@id\":\"https:\\\/\\\/www.berufsverband-beratende-berufe.ch\\\/impressum\\\/#breadcrumb\",\"itemListElement\":[{\"@type\":\"ListItem\",\"position\":1,\"name\":\"Startseite\",\"item\":\"https:\\\/\\\/www.berufsverband-beratende-berufe.ch\\\/\"},{\"@type\":\"ListItem\",\"position\":2,\"name\":\"Impressum\"}]},{\"@type\":\"WebSite\",\"@id\":\"https:\\\/\\\/www.berufsverband-beratende-berufe.ch\\\/#website\",\"url\":\"https:\\\/\\\/www.berufsverband-beratende-berufe.ch\\\/\",\"name\":\"Berufsverband Beratende Berufe\",\"description\":\"\",\"potentialAction\":[{\"@type\":\"SearchAction\",\"target\":{\"@type\":\"EntryPoint\",\"urlTemplate\":\"https:\\\/\\\/www.berufsverband-beratende-berufe.ch\\\/?s={search_term_string}\"},\"query-input\":{\"@type\":\"PropertyValueSpecification\",\"valueRequired\":true,\"valueName\":\"search_term_string\"}}],\"inLanguage\":\"fr-FR\"}]}<\/script>\n<!-- \/ Yoast SEO plugin. -->","yoast_head_json":{"title":"Mentions l\u00e9gales","description":"Impressum et responsable du contenu : Association professionnelle des professions de conseil, Spitalgasse 33, 3011 Berne. T\u00e9l\u00e9phone : +41 31 329 28 00","robots":{"index":"index","follow":"follow","max-snippet":"max-snippet:-1","max-image-preview":"max-image-preview:large","max-video-preview":"max-video-preview:-1"},"canonical":"https:\/\/www.berufsverband-beratende-berufe.ch\/fr\/mentions-legales-2\/","og_locale":"fr_FR","og_type":"article","og_title":"Impressum","og_description":"Impressum und verantwortlich f\u00fcr den Inhalt: Berufsverband Beratende Berufe, Spitalgasse 33, 3011 Bern. Telefon: +41 31 329 28 00","og_url":"https:\/\/www.berufsverband-beratende-berufe.ch\/fr\/mentions-legales-2\/","og_site_name":"Berufsverband Beratende Berufe","article_modified_time":"2023-06-01T15:42:35+00:00","twitter_card":"summary_large_image","twitter_misc":{"Dur\u00e9e de lecture estim\u00e9e":"3 minutes"},"schema":{"@context":"https:\/\/schema.org","@graph":[{"@type":"WebPage","@id":"https:\/\/www.berufsverband-beratende-berufe.ch\/impressum\/","url":"https:\/\/www.berufsverband-beratende-berufe.ch\/impressum\/","name":"Mentions l\u00e9gales","isPartOf":{"@id":"https:\/\/www.berufsverband-beratende-berufe.ch\/#website"},"datePublished":"2023-05-26T18:30:05+00:00","dateModified":"2023-06-01T15:42:35+00:00","description":"Impressum et responsable du contenu : Association professionnelle des professions de conseil, Spitalgasse 33, 3011 Berne. T\u00e9l\u00e9phone : +41 31 329 28 00","breadcrumb":{"@id":"https:\/\/www.berufsverband-beratende-berufe.ch\/impressum\/#breadcrumb"},"inLanguage":"fr-FR","potentialAction":[{"@type":"ReadAction","target":["https:\/\/www.berufsverband-beratende-berufe.ch\/impressum\/"]}]},{"@type":"BreadcrumbList","@id":"https:\/\/www.berufsverband-beratende-berufe.ch\/impressum\/#breadcrumb","itemListElement":[{"@type":"ListItem","position":1,"name":"Startseite","item":"https:\/\/www.berufsverband-beratende-berufe.ch\/"},{"@type":"ListItem","position":2,"name":"Impressum"}]},{"@type":"WebSite","@id":"https:\/\/www.berufsverband-beratende-berufe.ch\/#website","url":"https:\/\/www.berufsverband-beratende-berufe.ch\/","name":"Association professionnelle des professions de conseil","description":"","potentialAction":[{"@type":"SearchAction","target":{"@type":"EntryPoint","urlTemplate":"https:\/\/www.berufsverband-beratende-berufe.ch\/?s={search_term_string}"},"query-input":{"@type":"PropertyValueSpecification","valueRequired":true,"valueName":"search_term_string"}}],"inLanguage":"fr-FR"}]}},"_links":{"self":[{"href":"https:\/\/www.berufsverband-beratende-berufe.ch\/fr\/wp-json\/wp\/v2\/pages\/14825","targetHints":{"allow":["GET"]}}],"collection":[{"href":"https:\/\/www.berufsverband-beratende-berufe.ch\/fr\/wp-json\/wp\/v2\/pages"}],"about":[{"href":"https:\/\/www.berufsverband-beratende-berufe.ch\/fr\/wp-json\/wp\/v2\/types\/page"}],"author":[{"embeddable":true,"href":"https:\/\/www.berufsverband-beratende-berufe.ch\/fr\/wp-json\/wp\/v2\/users\/1"}],"replies":[{"embeddable":true,"href":"https:\/\/www.berufsverband-beratende-berufe.ch\/fr\/wp-json\/wp\/v2\/comments?post=14825"}],"version-history":[{"count":5,"href":"https:\/\/www.berufsverband-beratende-berufe.ch\/fr\/wp-json\/wp\/v2\/pages\/14825\/revisions"}],"predecessor-version":[{"id":15012,"href":"https:\/\/www.berufsverband-beratende-berufe.ch\/fr\/wp-json\/wp\/v2\/pages\/14825\/revisions\/15012"}],"wp:attachment":[{"href":"https:\/\/www.berufsverband-beratende-berufe.ch\/fr\/wp-json\/wp\/v2\/media?parent=14825"}],"wp:term":[{"taxonomy":"folder","embeddable":true,"href":"https:\/\/www.berufsverband-beratende-berufe.ch\/fr\/wp-json\/wp\/v2\/folder?post=14825"}],"curies":[{"name":"wp","href":"https:\/\/api.w.org\/{rel}","templated":true}]}}