{"id":14758,"date":"2023-05-26T11:56:55","date_gmt":"2023-05-26T09:56:55","guid":{"rendered":"https:\/\/berufe.aretis-staging.ch\/?page_id=14758"},"modified":"2024-07-23T13:37:19","modified_gmt":"2024-07-23T11:37:19","slug":"devenir-membre","status":"publish","type":"page","link":"https:\/\/www.berufsverband-beratende-berufe.ch\/fr\/devenir-membre\/","title":{"rendered":"Devenir membre"},"content":{"rendered":"<div id='av_section_1'  class='avia-section av-w81c8km-0a00fa0cfeb0eca36d443f96abe28e41 alternate_color avia-section-large avia-no-border-styling  avia-builder-el-0  avia-builder-el-no-sibling  avia-bg-style-scroll container_wrap fullsize'  ><div class='container av-section-cont-open' ><main  class='template-page content  av-content-full alpha units'><div class='post-entry post-entry-type-page post-entry-14758'><div class='entry-content-wrapper clearfix'>\n\n<style type=\"text\/css\" data-created_by=\"avia_inline_auto\" id=\"style-css-av-li5wpbhn-2817a33001195f8ee162d84dde4ac69f\">\n#top .av-special-heading.av-li5wpbhn-2817a33001195f8ee162d84dde4ac69f{\npadding-bottom:10px;\n}\nbody .av-special-heading.av-li5wpbhn-2817a33001195f8ee162d84dde4ac69f .av-special-heading-tag .heading-char{\nfont-size:25px;\n}\n.av-special-heading.av-li5wpbhn-2817a33001195f8ee162d84dde4ac69f .av-subheading{\nfont-size:15px;\n}\n<\/style>\n<div  class='av-special-heading av-li5wpbhn-2817a33001195f8ee162d84dde4ac69f av-special-heading-h1 blockquote modern-quote modern-centered  avia-builder-el-1  el_before_av_three_fifth  avia-builder-el-first'><h1 class='av-special-heading-tag'  >Devenir membre<\/h1><div class='av-subheading av-subheading_below'><p>Envoyez-nous le formulaire de contact<\/p>\n<\/div><div class=\"special-heading-border\"><div class=\"special-heading-inner-border\"><\/div><\/div><\/div>\n<div class='flex_column_table av-v2bv62u-4e4df33b6cc16de1f900f22dc68b3c22 sc-av_three_fifth av-equal-height-column-flextable'>\n<style type=\"text\/css\" data-created_by=\"avia_inline_auto\" id=\"style-css-av-v2bv62u-4e4df33b6cc16de1f900f22dc68b3c22\">\n@keyframes av_boxShadowEffect_av-v2bv62u-4e4df33b6cc16de1f900f22dc68b3c22-column {\n0%   { box-shadow:  0 0 0 0 #d3d3d3; opacity: 1; }\n100% { box-shadow:  0 0 20px 0 #d3d3d3; opacity: 1; }\n}\n.flex_column.av-v2bv62u-4e4df33b6cc16de1f900f22dc68b3c22{\nwidth:58.4%;\nmargin-left:0;\nbox-shadow: 0 0 20px 0 #d3d3d3;\npadding:35px 35px 35px 35px;\nbackground-color:#ffffff;\n}\n#top .flex_column_table.av-equal-height-column-flextable.av-v2bv62u-4e4df33b6cc16de1f900f22dc68b3c22 .av-flex-placeholder{\nwidth:4%;\n}\n<\/style>\n<div  class='flex_column av-v2bv62u-4e4df33b6cc16de1f900f22dc68b3c22 av_three_fifth  avia-builder-el-2  el_after_av_heading  el_before_av_two_fifth  first flex_column_table_cell av-equal-height-column av-align-top shadow-not-animated'     ><\/div><div class='av-flex-placeholder'><\/div>\n<style type=\"text\/css\" data-created_by=\"avia_inline_auto\" id=\"style-css-av-ll9pmu-0a00f32c64d730d2b865ffeb69950cd8\">\n.flex_column.av-ll9pmu-0a00f32c64d730d2b865ffeb69950cd8{\nwidth:37.6%;\nmargin-left:0;\n}\n#top .flex_column_table.av-equal-height-column-flextable.av-ll9pmu-0a00f32c64d730d2b865ffeb69950cd8 .av-flex-placeholder{\nwidth:4%;\n}\n<\/style>\n<div  class='flex_column av-ll9pmu-0a00f32c64d730d2b865ffeb69950cd8 av_two_fifth  avia-builder-el-4  el_after_av_three_fifth  avia-builder-el-last  flex_column_table_cell av-equal-height-column av-align-top'     ><p>\n<style type=\"text\/css\" data-created_by=\"avia_inline_auto\" id=\"style-css-av-li5x166h-40cf38bd64411716b5d7065358ae0b84\">\n#top .av-special-heading.av-li5x166h-40cf38bd64411716b5d7065358ae0b84{\npadding-bottom:10px;\n}\nbody .av-special-heading.av-li5x166h-40cf38bd64411716b5d7065358ae0b84 .av-special-heading-tag .heading-char{\nfont-size:25px;\n}\n.av-special-heading.av-li5x166h-40cf38bd64411716b5d7065358ae0b84 .av-subheading{\nfont-size:15px;\n}\n<\/style>\n<div  class='av-special-heading av-li5x166h-40cf38bd64411716b5d7065358ae0b84 av-special-heading-h3 blockquote modern-quote  avia-builder-el-5  el_before_av_textblock  avia-builder-el-first'><h3 class='av-special-heading-tag'  >Conseil <span class='special_amp'>&amp;<\/span> Contact<\/h3><div class=\"special-heading-border\"><div class=\"special-heading-inner-border\"><\/div><\/div><\/div><br \/>\n<section  class='av_textblock_section av-lidaxd25-c1c374a55a8b9e3ea058f7351e6d30ea'  ><div class='avia_textblock' ><p>Association professionnelle des professions de conseil<br \/>\nSpitalgasse 33<br \/>\n3011 Berne<br \/>\n031 329 28 00<br \/>\n<a href=\"mailto:verband@berufsverband-beratende-berufe.ch\">verband@beratende-berufe.ch <\/a><\/p>\n<\/div><\/section><\/p><\/div><\/div><!--close column table wrapper. Autoclose: 1 -->","protected":false},"excerpt":{"rendered":"","protected":false},"author":1,"featured_media":0,"parent":0,"menu_order":5,"comment_status":"closed","ping_status":"closed","template":"","meta":{"footnotes":""},"folder":[],"class_list":["post-14758","page","type-page","status-publish","hentry"],"yoast_head":"<!-- This site is optimized with the Yoast SEO plugin v27.4 - https:\/\/yoast.com\/product\/yoast-seo-wordpress\/ -->\n<title>M\u00f6chten Sie im Verband Mitglied werden?<\/title>\n<meta name=\"description\" content=\"Der Berufsverband Beratende Berufe ist ein Interessenverband f\u00fcr Firmen, die in der Unternehmensberatung t\u00e4tig sind. F\u00fcr Selbstst\u00e4ndige und Angestellte.\" \/>\n<meta name=\"robots\" content=\"index, follow, max-snippet:-1, max-image-preview:large, max-video-preview:-1\" \/>\n<link rel=\"canonical\" href=\"https:\/\/www.berufsverband-beratende-berufe.ch\/fr\/devenir-membre\/\" \/>\n<meta property=\"og:locale\" content=\"fr_FR\" \/>\n<meta property=\"og:type\" content=\"article\" \/>\n<meta property=\"og:title\" content=\"M\u00f6chten Sie im Verband Mitglied werden?\" \/>\n<meta property=\"og:description\" content=\"Der Berufsverband Beratende Berufe ist ein Interessenverband f\u00fcr Firmen, die in der Unternehmensberatung t\u00e4tig sind. F\u00fcr Selbstst\u00e4ndige und Angestellte.\" \/>\n<meta property=\"og:url\" content=\"https:\/\/www.berufsverband-beratende-berufe.ch\/fr\/devenir-membre\/\" \/>\n<meta property=\"og:site_name\" content=\"Berufsverband Beratende Berufe\" \/>\n<meta property=\"article:modified_time\" content=\"2024-07-23T11:37:19+00:00\" \/>\n<meta name=\"twitter:card\" content=\"summary_large_image\" \/>\n<meta name=\"twitter:label1\" content=\"Dur\u00e9e de lecture estim\u00e9e\" \/>\n\t<meta name=\"twitter:data1\" content=\"1 minute\" \/>\n<script type=\"application\/ld+json\" class=\"yoast-schema-graph\">{\"@context\":\"https:\\\/\\\/schema.org\",\"@graph\":[{\"@type\":\"WebPage\",\"@id\":\"https:\\\/\\\/www.berufsverband-beratende-berufe.ch\\\/mitglied-werden-2\\\/\",\"url\":\"https:\\\/\\\/www.berufsverband-beratende-berufe.ch\\\/mitglied-werden-2\\\/\",\"name\":\"M\u00f6chten Sie im Verband Mitglied werden?\",\"isPartOf\":{\"@id\":\"https:\\\/\\\/www.berufsverband-beratende-berufe.ch\\\/#website\"},\"datePublished\":\"2023-05-26T09:56:55+00:00\",\"dateModified\":\"2024-07-23T11:37:19+00:00\",\"description\":\"Der Berufsverband Beratende Berufe ist ein Interessenverband f\u00fcr Firmen, die in der Unternehmensberatung t\u00e4tig sind. F\u00fcr Selbstst\u00e4ndige und Angestellte.\",\"breadcrumb\":{\"@id\":\"https:\\\/\\\/www.berufsverband-beratende-berufe.ch\\\/mitglied-werden-2\\\/#breadcrumb\"},\"inLanguage\":\"fr-FR\",\"potentialAction\":[{\"@type\":\"ReadAction\",\"target\":[\"https:\\\/\\\/www.berufsverband-beratende-berufe.ch\\\/mitglied-werden-2\\\/\"]}]},{\"@type\":\"BreadcrumbList\",\"@id\":\"https:\\\/\\\/www.berufsverband-beratende-berufe.ch\\\/mitglied-werden-2\\\/#breadcrumb\",\"itemListElement\":[{\"@type\":\"ListItem\",\"position\":1,\"name\":\"Startseite\",\"item\":\"https:\\\/\\\/www.berufsverband-beratende-berufe.ch\\\/\"},{\"@type\":\"ListItem\",\"position\":2,\"name\":\"Mitglied werden\"}]},{\"@type\":\"WebSite\",\"@id\":\"https:\\\/\\\/www.berufsverband-beratende-berufe.ch\\\/#website\",\"url\":\"https:\\\/\\\/www.berufsverband-beratende-berufe.ch\\\/\",\"name\":\"Berufsverband Beratende Berufe\",\"description\":\"\",\"potentialAction\":[{\"@type\":\"SearchAction\",\"target\":{\"@type\":\"EntryPoint\",\"urlTemplate\":\"https:\\\/\\\/www.berufsverband-beratende-berufe.ch\\\/?s={search_term_string}\"},\"query-input\":{\"@type\":\"PropertyValueSpecification\",\"valueRequired\":true,\"valueName\":\"search_term_string\"}}],\"inLanguage\":\"fr-FR\"}]}<\/script>\n<!-- \/ Yoast SEO plugin. -->","yoast_head_json":{"title":"Vous souhaitez devenir membre de l'association ?","description":"L'association professionnelle des professions de conseil est une association d'int\u00e9r\u00eats pour les entreprises actives dans le conseil aux entreprises. Pour les ind\u00e9pendants et les employ\u00e9s.","robots":{"index":"index","follow":"follow","max-snippet":"max-snippet:-1","max-image-preview":"max-image-preview:large","max-video-preview":"max-video-preview:-1"},"canonical":"https:\/\/www.berufsverband-beratende-berufe.ch\/fr\/devenir-membre\/","og_locale":"fr_FR","og_type":"article","og_title":"M\u00f6chten Sie im Verband Mitglied werden?","og_description":"Der Berufsverband Beratende Berufe ist ein Interessenverband f\u00fcr Firmen, die in der Unternehmensberatung t\u00e4tig sind. F\u00fcr Selbstst\u00e4ndige und Angestellte.","og_url":"https:\/\/www.berufsverband-beratende-berufe.ch\/fr\/devenir-membre\/","og_site_name":"Berufsverband Beratende Berufe","article_modified_time":"2024-07-23T11:37:19+00:00","twitter_card":"summary_large_image","twitter_misc":{"Dur\u00e9e de lecture estim\u00e9e":"1 minute"},"schema":{"@context":"https:\/\/schema.org","@graph":[{"@type":"WebPage","@id":"https:\/\/www.berufsverband-beratende-berufe.ch\/mitglied-werden-2\/","url":"https:\/\/www.berufsverband-beratende-berufe.ch\/mitglied-werden-2\/","name":"Vous souhaitez devenir membre de l'association ?","isPartOf":{"@id":"https:\/\/www.berufsverband-beratende-berufe.ch\/#website"},"datePublished":"2023-05-26T09:56:55+00:00","dateModified":"2024-07-23T11:37:19+00:00","description":"L'association professionnelle des professions de conseil est une association d'int\u00e9r\u00eats pour les entreprises actives dans le conseil aux entreprises. Pour les ind\u00e9pendants et les employ\u00e9s.","breadcrumb":{"@id":"https:\/\/www.berufsverband-beratende-berufe.ch\/mitglied-werden-2\/#breadcrumb"},"inLanguage":"fr-FR","potentialAction":[{"@type":"ReadAction","target":["https:\/\/www.berufsverband-beratende-berufe.ch\/mitglied-werden-2\/"]}]},{"@type":"BreadcrumbList","@id":"https:\/\/www.berufsverband-beratende-berufe.ch\/mitglied-werden-2\/#breadcrumb","itemListElement":[{"@type":"ListItem","position":1,"name":"Startseite","item":"https:\/\/www.berufsverband-beratende-berufe.ch\/"},{"@type":"ListItem","position":2,"name":"Mitglied werden"}]},{"@type":"WebSite","@id":"https:\/\/www.berufsverband-beratende-berufe.ch\/#website","url":"https:\/\/www.berufsverband-beratende-berufe.ch\/","name":"Association professionnelle des professions de conseil","description":"","potentialAction":[{"@type":"SearchAction","target":{"@type":"EntryPoint","urlTemplate":"https:\/\/www.berufsverband-beratende-berufe.ch\/?s={search_term_string}"},"query-input":{"@type":"PropertyValueSpecification","valueRequired":true,"valueName":"search_term_string"}}],"inLanguage":"fr-FR"}]}},"_links":{"self":[{"href":"https:\/\/www.berufsverband-beratende-berufe.ch\/fr\/wp-json\/wp\/v2\/pages\/14758","targetHints":{"allow":["GET"]}}],"collection":[{"href":"https:\/\/www.berufsverband-beratende-berufe.ch\/fr\/wp-json\/wp\/v2\/pages"}],"about":[{"href":"https:\/\/www.berufsverband-beratende-berufe.ch\/fr\/wp-json\/wp\/v2\/types\/page"}],"author":[{"embeddable":true,"href":"https:\/\/www.berufsverband-beratende-berufe.ch\/fr\/wp-json\/wp\/v2\/users\/1"}],"replies":[{"embeddable":true,"href":"https:\/\/www.berufsverband-beratende-berufe.ch\/fr\/wp-json\/wp\/v2\/comments?post=14758"}],"version-history":[{"count":6,"href":"https:\/\/www.berufsverband-beratende-berufe.ch\/fr\/wp-json\/wp\/v2\/pages\/14758\/revisions"}],"predecessor-version":[{"id":15240,"href":"https:\/\/www.berufsverband-beratende-berufe.ch\/fr\/wp-json\/wp\/v2\/pages\/14758\/revisions\/15240"}],"wp:attachment":[{"href":"https:\/\/www.berufsverband-beratende-berufe.ch\/fr\/wp-json\/wp\/v2\/media?parent=14758"}],"wp:term":[{"taxonomy":"folder","embeddable":true,"href":"https:\/\/www.berufsverband-beratende-berufe.ch\/fr\/wp-json\/wp\/v2\/folder?post=14758"}],"curies":[{"name":"wp","href":"https:\/\/api.w.org\/{rel}","templated":true}]}}