{"id":14755,"date":"2023-05-26T11:56:44","date_gmt":"2023-05-26T09:56:44","guid":{"rendered":"https:\/\/berufe.aretis-staging.ch\/?page_id=14755"},"modified":"2026-04-08T16:23:59","modified_gmt":"2026-04-08T14:23:59","slug":"evenements-2","status":"publish","type":"page","link":"https:\/\/www.berufsverband-beratende-berufe.ch\/fr\/evenements-2\/","title":{"rendered":"\u00c9v\u00e9nements"},"content":{"rendered":"<div id='stretch_width'  class='avia-section av-li4wl2bb-6fd3368d90d912026820d0fda3e93a32 alternate_color avia-section-large avia-no-border-styling  avia-builder-el-0  el_before_av_section  avia-builder-el-first  avia-bg-style-scroll container_wrap fullsize'  ><div class='container av-section-cont-open' ><main  class='template-page content  av-content-full alpha units'><div class='post-entry post-entry-type-page post-entry-14755'><div class='entry-content-wrapper clearfix'>\n\n<style type=\"text\/css\" data-created_by=\"avia_inline_auto\" id=\"style-css-av-li4wkeln-69856e08095ff7460da15c3925326a20\">\n#top .av-special-heading.av-li4wkeln-69856e08095ff7460da15c3925326a20{\npadding-bottom:10px;\n}\nbody .av-special-heading.av-li4wkeln-69856e08095ff7460da15c3925326a20 .av-special-heading-tag .heading-char{\nfont-size:25px;\n}\n.av-special-heading.av-li4wkeln-69856e08095ff7460da15c3925326a20 .av-subheading{\nfont-size:15px;\n}\n<\/style>\n<div  class='av-special-heading av-li4wkeln-69856e08095ff7460da15c3925326a20 av-special-heading-h1 blockquote modern-quote modern-centered  avia-builder-el-1  el_before_av_one_full  avia-builder-el-first'><h1 class='av-special-heading-tag'  >Calendrier des manifestations<\/h1><div class='av-subheading av-subheading_below'><p>Dates<\/p>\n<\/div><div class=\"special-heading-border\"><div class=\"special-heading-inner-border\"><\/div><\/div><\/div>\n<div  class='flex_column av-g9xn12b-ee5ab3bf7ec12ecf9783e83922701edd av_one_full  avia-builder-el-2  el_after_av_heading  avia-builder-el-last  first flex_column_div'     ><section  class='av_textblock_section av-li4wli95-b245e9469583f008474dba02e978f91f'  ><div class='avia_textblock' ><p style=\"text-align: center;\">Pour les membres de l'association professionnelle des professions de conseil, la participation aux s\u00e9minaires est gratuite.<\/p>\n<\/div><\/section><br \/>\n<div  class='avia-table av-fvtq4w3-181881ccb2952b2fe69f4c64ed284293 main_color avia-pricing-table-container avia_pricing_default  avia-builder-el-4  el_after_av_textblock  avia-builder-el-last  avia-table-1' ><div class=\"pricing-table-wrap\"><ul class='pricing-table'><li class='avia-pricing-row'><div class='first-table-item'>Optimisation fiscale<\/div><span class='pricing-extra'><\/span><\/li><li class=''>Lu, 27 juillet 2026<\/li><li class=''>16h00-17h00<\/li><li class=''>Spitalgasse 33, 3011 Berne<\/li><li class='avia-button-row'><div  class='avia-button-wrap av-lnbbpyg4-63dba19341cb9347aaa1cc9594e773cc-wrap avia-button-center  avia-builder-el-5  el_before_av_button  avia-builder-el-first'><a href='mailto:verband@berufsverband-beratende-berufe.ch'  class='avia-button av-lnbbpyg4-63dba19341cb9347aaa1cc9594e773cc av-link-btn avia-icon_select-no avia-size-large avia-position-center avia-color-theme-color'   aria-label=\"S&#039;inscrire maintenant\"><span class='avia_iconbox_title' >S'inscrire maintenant<\/span><\/a><\/div><br \/><\/li><\/ul><\/div><div class=\"pricing-table-wrap\"><ul class='pricing-table'><li class='avia-pricing-row'><div class='first-table-item'>Succession d'entreprise<\/div><span class='pricing-extra'><\/span><\/li><li class=''>Jeu, 5 novembre 2026<\/li><li class=''>16h00-17h00<\/li><li class=''>Spitalgasse 33, 3011 Berne<\/li><li class='avia-button-row'><div  class='avia-button-wrap av-lnbll9yl-e56fa6b36bb19d4bd1c892f8bf3dd883-wrap avia-button-center  avia-builder-el-6  el_after_av_button  el_before_av_button'><a href='mailto:verband@berufsverband-beratende-berufe.ch'  class='avia-button av-lnbll9yl-e56fa6b36bb19d4bd1c892f8bf3dd883 av-link-btn avia-icon_select-no avia-size-large avia-position-center avia-color-theme-color'   aria-label=\"S&#039;inscrire maintenant\"><span class='avia_iconbox_title' >S'inscrire maintenant<\/span><\/a><\/div><br \/><\/li><\/ul><\/div><div class=\"pricing-table-wrap\"><ul class='pricing-table'><li class='avia-pricing-row'><div class='first-table-item'>Planification de la retraite<\/div><span class='pricing-extra'><\/span><\/li><li class=''>Lu, 8 f\u00e9vrier 2027<\/li><li class=''>16h00-17h00<\/li><li class=''>Spitalgasse 33, 3011 Berne<\/li><li class='avia-button-row'><div  class='avia-button-wrap av-li4wq3q0-17a66421c4bf7bf90f5345c50d6a32fd-wrap avia-button-center  avia-builder-el-7  el_after_av_button  avia-builder-el-last'><a href='mailto:verband@berufsverband-beratende-berufe.ch'  class='avia-button av-li4wq3q0-17a66421c4bf7bf90f5345c50d6a32fd av-link-btn avia-icon_select-no avia-size-large avia-position-center avia-color-theme-color'   aria-label=\"S&#039;inscrire maintenant\"><span class='avia_iconbox_title' >S'inscrire maintenant<\/span><\/a><\/div><br \/><\/li><\/ul><\/div><\/div><\/p><\/div><\/div><\/div><\/main><!-- close content main element --><\/div><\/div>\n<style type=\"text\/css\" data-created_by=\"avia_inline_auto\" id=\"style-css-av-695o5nn-082e72ea67fbdd83800f88d89133bfaa\">\n.avia-section.av-695o5nn-082e72ea67fbdd83800f88d89133bfaa .av-section-color-overlay{\nopacity:0.7;\nbackground-color:#00688d;\n}\n<\/style>\n<div id='stretch_width'  class='avia-section av-695o5nn-082e72ea67fbdd83800f88d89133bfaa main_color avia-section-huge avia-no-border-styling  avia-builder-el-8  el_after_av_section  avia-builder-el-last  avia-bg-style-parallax av-section-color-overlay-active av-section-with-video-bg container_wrap fullsize'   data-section-video-ratio='16:9'><div  class='avia-slideshow av_slideshow_obj-1-69e4efffddda5 avia-slideshow-featured av_slideshow avia-slide-slider av-slideshow-ui av-control-default av-slideshow-manual av-loop-once av-loop-manual-endless av-default-height-applied  av-section-video-bg avia-slideshow-1' data-slideshow-options=\"{&quot;animation&quot;:&quot;slide&quot;,&quot;autoplay&quot;:false,&quot;loop_autoplay&quot;:&quot;once&quot;,&quot;interval&quot;:5,&quot;loop_manual&quot;:&quot;manual-endless&quot;,&quot;autoplay_stopper&quot;:false,&quot;noNavigation&quot;:false,&quot;bg_slider&quot;:false,&quot;keep_padding&quot;:false,&quot;hoverpause&quot;:false,&quot;show_slide_delay&quot;:0}\" ><ul class='avia-slideshow-inner' style='padding-bottom: 28.6666666667%;'><li  data-controls='disabled' data-mute='aviaTBaviaTBvideo_mute' data-loop='1' data-disable-autoplay=''  data-video-ratio='1.77777777778' class='avia-slideshow-slide av_slideshow_obj-1-69e4efffddda5__0  av-video-slide  av-video-service-html5  av-hide-video-controls av-mute-video av-loop-video  av-single-slide slide-1 slide-odd'><div data-rel='slideshow-1' class='avia-slide-wrap'   ><div class='av-click-overlay'><\/div><video class='avia_video' poster=\"https:\/\/www.berufsverband-beratende-berufe.ch\/wp-content\/uploads\/berufe_start.jpg\" autoplay playsinline loop preload=\"metadata\" muted id='player_14755_989154889_866529650'><source src=\"https:\/\/www.berufsverband-beratende-berufe.ch\/wp-content\/uploads\/berufe_start.mp4\" type=\"video\/mp4\" \/><\/video><div class=\"av-click-to-play-overlay\"><div class=\"avia_playpause_icon\"><\/div><\/div><\/div><\/li><\/ul><\/div><div class=\"av-section-color-overlay-wrap\"><div class=\"av-section-color-overlay\"><\/div><div class='container av-section-cont-open' ><div class='template-page content  av-content-full alpha units'><div class='post-entry post-entry-type-page post-entry-14755'><div class='entry-content-wrapper clearfix'>\n<div class='flex_column_table av-5t43jpf-99e049e6c7aa58322a6a0a3d31d64dba sc-av_one_third av-equal-height-column-flextable'>\n<style type=\"text\/css\" data-created_by=\"avia_inline_auto\" id=\"style-css-av-5t43jpf-99e049e6c7aa58322a6a0a3d31d64dba\">\n.flex_column.av-5t43jpf-99e049e6c7aa58322a6a0a3d31d64dba{\nwidth:31%;\nmargin-left:0;\npadding:35px 35px 35px 35px;\nbackground-color:#ffffff;\n}\n#top .flex_column_table.av-equal-height-column-flextable.av-5t43jpf-99e049e6c7aa58322a6a0a3d31d64dba .av-flex-placeholder{\nwidth:3.5%;\n}\n<\/style>\n<div  class='flex_column av-5t43jpf-99e049e6c7aa58322a6a0a3d31d64dba av_one_third  avia-builder-el-9  el_before_av_one_third  avia-builder-el-first  first flex_column_table_cell av-equal-height-column av-align-top'     ><p>\n<style type=\"text\/css\" data-created_by=\"avia_inline_auto\" id=\"style-css-av-56ey3xf-32fc62806caf5cc4b0d384104e05ed0f\">\n#top .av-special-heading.av-56ey3xf-32fc62806caf5cc4b0d384104e05ed0f{\npadding-bottom:10px;\n}\nbody .av-special-heading.av-56ey3xf-32fc62806caf5cc4b0d384104e05ed0f .av-special-heading-tag .heading-char{\nfont-size:25px;\n}\n.av-special-heading.av-56ey3xf-32fc62806caf5cc4b0d384104e05ed0f .av-subheading{\nfont-size:15px;\n}\n<\/style>\n<div  class='av-special-heading av-56ey3xf-32fc62806caf5cc4b0d384104e05ed0f av-special-heading-h3 blockquote modern-quote modern-centered  avia-builder-el-10  el_before_av_textblock  avia-builder-el-first'><h3 class='av-special-heading-tag'  >Devenir membre<\/h3><div class=\"special-heading-border\"><div class=\"special-heading-inner-border\"><\/div><\/div><\/div><br \/>\n<section  class='av_textblock_section av-4vf54yr-5b2ac5b9e1e40d010cc18145c4813294'  ><div class='avia_textblock' ><p style=\"text-align: center;\">Profitez des avantages en tant que membre de l'association professionnelle des professions de conseil<\/p>\n<\/div><\/section><br \/>\n<div  class='avia-button-wrap av-47ed0sj-ea1b43e579d8140ac85a7cd83ef71b5f-wrap avia-button-center  avia-builder-el-12  el_after_av_textblock  avia-builder-el-last'><a href='https:\/\/www.berufsverband-beratende-berufe.ch\/fr\/devenir-membre\/'  class='avia-button av-47ed0sj-ea1b43e579d8140ac85a7cd83ef71b5f av-link-btn avia-icon_select-no avia-size-large avia-position-center avia-color-theme-color'   aria-label=\"Rejoindre maintenant\"><span class='avia_iconbox_title' >Rejoindre maintenant<\/span><\/a><\/div><\/p><\/div><div class='av-flex-placeholder'><\/div>\n<style type=\"text\/css\" data-created_by=\"avia_inline_auto\" id=\"style-css-av-3w67zcz-d02e3546f21381b109d1f037b553a5e1\">\n.flex_column.av-3w67zcz-d02e3546f21381b109d1f037b553a5e1{\nwidth:31%;\nmargin-left:0;\npadding:35px 35px 35px 35px;\nbackground-color:#ffffff;\n}\n#top .flex_column_table.av-equal-height-column-flextable.av-3w67zcz-d02e3546f21381b109d1f037b553a5e1 .av-flex-placeholder{\nwidth:3.5%;\n}\n<\/style>\n<div  class='flex_column av-3w67zcz-d02e3546f21381b109d1f037b553a5e1 av_one_third  avia-builder-el-13  el_after_av_one_third  el_before_av_one_third  flex_column_table_cell av-equal-height-column av-align-top'     ><p>\n<style type=\"text\/css\" data-created_by=\"avia_inline_auto\" id=\"style-css-av-3js3vs3-b8f6ec75bf94fa7f443b6acc58b4e2f2\">\n#top .av-special-heading.av-3js3vs3-b8f6ec75bf94fa7f443b6acc58b4e2f2{\npadding-bottom:10px;\n}\nbody .av-special-heading.av-3js3vs3-b8f6ec75bf94fa7f443b6acc58b4e2f2 .av-special-heading-tag .heading-char{\nfont-size:25px;\n}\n.av-special-heading.av-3js3vs3-b8f6ec75bf94fa7f443b6acc58b4e2f2 .av-subheading{\nfont-size:15px;\n}\n<\/style>\n<div  class='av-special-heading av-3js3vs3-b8f6ec75bf94fa7f443b6acc58b4e2f2 av-special-heading-h3 blockquote modern-quote modern-centered  avia-builder-el-14  el_before_av_textblock  avia-builder-el-first'><h3 class='av-special-heading-tag'  >Commander de la documentation<\/h3><div class=\"special-heading-border\"><div class=\"special-heading-inner-border\"><\/div><\/div><\/div><br \/>\n<section  class='av_textblock_section av-31oet0j-f3671a721df02e76fc0e7f2e9cc4ec34'  ><div class='avia_textblock' ><p style=\"text-align: center;\">En savoir plus sur l'association professionnelle et nos offres<\/p>\n<\/div><\/section><br \/>\n<div  class='avia-button-wrap av-2kzmagz-419369cbcdab77cd23b57bc994888cb1-wrap avia-button-center  avia-builder-el-16  el_after_av_textblock  avia-builder-el-last'><a href='mailto:verband@berufsverband-beratende-berufe.ch'  class='avia-button av-2kzmagz-419369cbcdab77cd23b57bc994888cb1 av-link-btn avia-icon_select-no avia-size-large avia-position-center avia-color-theme-color'   aria-label=\"Commander maintenant\"><span class='avia_iconbox_title' >Commander maintenant<\/span><\/a><\/div><\/p><\/div><div class='av-flex-placeholder'><\/div>\n<style type=\"text\/css\" data-created_by=\"avia_inline_auto\" id=\"style-css-av-1yvubb7-59e028afa2759190110c225f31687cb7\">\n.flex_column.av-1yvubb7-59e028afa2759190110c225f31687cb7{\nwidth:31%;\nmargin-left:0;\npadding:35px 35px 35px 35px;\nbackground-color:#ffffff;\n}\n#top .flex_column_table.av-equal-height-column-flextable.av-1yvubb7-59e028afa2759190110c225f31687cb7 .av-flex-placeholder{\nwidth:3.5%;\n}\n<\/style>\n<div  class='flex_column av-1yvubb7-59e028afa2759190110c225f31687cb7 av_one_third  avia-builder-el-17  el_after_av_one_third  avia-builder-el-last  flex_column_table_cell av-equal-height-column av-align-top'     ><p>\n<style type=\"text\/css\" data-created_by=\"avia_inline_auto\" id=\"style-css-av-1nkfe1v-cb7921057e7d9639e6ce9333e4d5b4b2\">\n#top .av-special-heading.av-1nkfe1v-cb7921057e7d9639e6ce9333e4d5b4b2{\npadding-bottom:10px;\n}\nbody .av-special-heading.av-1nkfe1v-cb7921057e7d9639e6ce9333e4d5b4b2 .av-special-heading-tag .heading-char{\nfont-size:25px;\n}\n.av-special-heading.av-1nkfe1v-cb7921057e7d9639e6ce9333e4d5b4b2 .av-subheading{\nfont-size:15px;\n}\n<\/style>\n<div  class='av-special-heading av-1nkfe1v-cb7921057e7d9639e6ce9333e4d5b4b2 av-special-heading-h3 blockquote modern-quote modern-centered  avia-builder-el-18  el_before_av_textblock  avia-builder-el-first'><h3 class='av-special-heading-tag'  >Prendre rendez-vous<\/h3><div class=\"special-heading-border\"><div class=\"special-heading-inner-border\"><\/div><\/div><\/div><br \/>\n<section  class='av_textblock_section av-187k9pf-ac6f60b64faff2076bda96f1ebca1aa3'  ><div class='avia_textblock' ><p style=\"text-align: center;\">Prenez un rendez-vous sans engagement avec nos experts<\/p>\n<\/div><\/section><br \/>\n<div  class='avia-button-wrap av-qb0e77-d7376dbb97db943fc8c854257caa74c5-wrap avia-button-center  avia-builder-el-20  el_after_av_textblock  avia-builder-el-last'><a href='mailto:verband@berufsverband-beratende-berufe.ch'  class='avia-button av-qb0e77-d7376dbb97db943fc8c854257caa74c5 av-link-btn avia-icon_select-no avia-size-large avia-position-center avia-color-theme-color'   aria-label=\"Prendre rendez-vous\"><span class='avia_iconbox_title' >Prendre rendez-vous<\/span><\/a><\/div><\/p><\/div><\/div><!--close column table wrapper. Autoclose: 1 -->\n<\/p>","protected":false},"excerpt":{"rendered":"","protected":false},"author":1,"featured_media":0,"parent":0,"menu_order":4,"comment_status":"closed","ping_status":"closed","template":"","meta":{"footnotes":""},"folder":[],"class_list":["post-14755","page","type-page","status-publish","hentry"],"yoast_head":"<!-- This site is optimized with the Yoast SEO plugin v27.4 - https:\/\/yoast.com\/product\/yoast-seo-wordpress\/ -->\n<title>Veranstaltungskalender: Seminare und Termine<\/title>\n<meta name=\"description\" content=\"F\u00fcr Mitglieder des Berufsverbands Beratende Berufe ist die Teilnahme an den Seminaren kostenlos. Informieren Sie sich und werden Sie Mitglied\" \/>\n<meta name=\"robots\" content=\"index, follow, max-snippet:-1, max-image-preview:large, max-video-preview:-1\" \/>\n<link rel=\"canonical\" href=\"https:\/\/www.berufsverband-beratende-berufe.ch\/fr\/evenements-2\/\" \/>\n<meta property=\"og:locale\" content=\"fr_FR\" \/>\n<meta property=\"og:type\" content=\"article\" \/>\n<meta property=\"og:title\" content=\"Veranstaltungskalender: Seminare und Termine\" \/>\n<meta property=\"og:description\" content=\"F\u00fcr Mitglieder des Berufsverbands Beratende Berufe ist die Teilnahme an den Seminaren kostenlos. Informieren Sie sich und werden Sie Mitglied\" \/>\n<meta property=\"og:url\" content=\"https:\/\/www.berufsverband-beratende-berufe.ch\/fr\/evenements-2\/\" \/>\n<meta property=\"og:site_name\" content=\"Berufsverband Beratende Berufe\" \/>\n<meta property=\"article:modified_time\" content=\"2026-04-08T14:23:59+00:00\" \/>\n<meta name=\"twitter:card\" content=\"summary_large_image\" \/>\n<meta name=\"twitter:label1\" content=\"Dur\u00e9e de lecture estim\u00e9e\" \/>\n\t<meta name=\"twitter:data1\" content=\"1 minute\" \/>\n<script type=\"application\/ld+json\" class=\"yoast-schema-graph\">{\"@context\":\"https:\\\/\\\/schema.org\",\"@graph\":[{\"@type\":\"WebPage\",\"@id\":\"https:\\\/\\\/www.berufsverband-beratende-berufe.ch\\\/veranstaltungen\\\/\",\"url\":\"https:\\\/\\\/www.berufsverband-beratende-berufe.ch\\\/veranstaltungen\\\/\",\"name\":\"Veranstaltungskalender: Seminare und Termine\",\"isPartOf\":{\"@id\":\"https:\\\/\\\/www.berufsverband-beratende-berufe.ch\\\/#website\"},\"datePublished\":\"2023-05-26T09:56:44+00:00\",\"dateModified\":\"2026-04-08T14:23:59+00:00\",\"description\":\"F\u00fcr Mitglieder des Berufsverbands Beratende Berufe ist die Teilnahme an den Seminaren kostenlos. Informieren Sie sich und werden Sie Mitglied\",\"breadcrumb\":{\"@id\":\"https:\\\/\\\/www.berufsverband-beratende-berufe.ch\\\/veranstaltungen\\\/#breadcrumb\"},\"inLanguage\":\"fr-FR\",\"potentialAction\":[{\"@type\":\"ReadAction\",\"target\":[\"https:\\\/\\\/www.berufsverband-beratende-berufe.ch\\\/veranstaltungen\\\/\"]}]},{\"@type\":\"BreadcrumbList\",\"@id\":\"https:\\\/\\\/www.berufsverband-beratende-berufe.ch\\\/veranstaltungen\\\/#breadcrumb\",\"itemListElement\":[{\"@type\":\"ListItem\",\"position\":1,\"name\":\"Startseite\",\"item\":\"https:\\\/\\\/www.berufsverband-beratende-berufe.ch\\\/\"},{\"@type\":\"ListItem\",\"position\":2,\"name\":\"Veranstaltungen\"}]},{\"@type\":\"WebSite\",\"@id\":\"https:\\\/\\\/www.berufsverband-beratende-berufe.ch\\\/#website\",\"url\":\"https:\\\/\\\/www.berufsverband-beratende-berufe.ch\\\/\",\"name\":\"Berufsverband Beratende Berufe\",\"description\":\"\",\"potentialAction\":[{\"@type\":\"SearchAction\",\"target\":{\"@type\":\"EntryPoint\",\"urlTemplate\":\"https:\\\/\\\/www.berufsverband-beratende-berufe.ch\\\/?s={search_term_string}\"},\"query-input\":{\"@type\":\"PropertyValueSpecification\",\"valueRequired\":true,\"valueName\":\"search_term_string\"}}],\"inLanguage\":\"fr-FR\"}]}<\/script>\n<!-- \/ Yoast SEO plugin. -->","yoast_head_json":{"title":"Calendrier des \u00e9v\u00e9nements : s\u00e9minaires et dates","description":"Pour les membres de l'association professionnelle des professions de conseil, la participation aux s\u00e9minaires est gratuite. Informez-vous et devenez membre","robots":{"index":"index","follow":"follow","max-snippet":"max-snippet:-1","max-image-preview":"max-image-preview:large","max-video-preview":"max-video-preview:-1"},"canonical":"https:\/\/www.berufsverband-beratende-berufe.ch\/fr\/evenements-2\/","og_locale":"fr_FR","og_type":"article","og_title":"Veranstaltungskalender: Seminare und Termine","og_description":"F\u00fcr Mitglieder des Berufsverbands Beratende Berufe ist die Teilnahme an den Seminaren kostenlos. Informieren Sie sich und werden Sie Mitglied","og_url":"https:\/\/www.berufsverband-beratende-berufe.ch\/fr\/evenements-2\/","og_site_name":"Berufsverband Beratende Berufe","article_modified_time":"2026-04-08T14:23:59+00:00","twitter_card":"summary_large_image","twitter_misc":{"Dur\u00e9e de lecture estim\u00e9e":"1 minute"},"schema":{"@context":"https:\/\/schema.org","@graph":[{"@type":"WebPage","@id":"https:\/\/www.berufsverband-beratende-berufe.ch\/veranstaltungen\/","url":"https:\/\/www.berufsverband-beratende-berufe.ch\/veranstaltungen\/","name":"Calendrier des \u00e9v\u00e9nements : s\u00e9minaires et dates","isPartOf":{"@id":"https:\/\/www.berufsverband-beratende-berufe.ch\/#website"},"datePublished":"2023-05-26T09:56:44+00:00","dateModified":"2026-04-08T14:23:59+00:00","description":"Pour les membres de l'association professionnelle des professions de conseil, la participation aux s\u00e9minaires est gratuite. Informez-vous et devenez membre","breadcrumb":{"@id":"https:\/\/www.berufsverband-beratende-berufe.ch\/veranstaltungen\/#breadcrumb"},"inLanguage":"fr-FR","potentialAction":[{"@type":"ReadAction","target":["https:\/\/www.berufsverband-beratende-berufe.ch\/veranstaltungen\/"]}]},{"@type":"BreadcrumbList","@id":"https:\/\/www.berufsverband-beratende-berufe.ch\/veranstaltungen\/#breadcrumb","itemListElement":[{"@type":"ListItem","position":1,"name":"Startseite","item":"https:\/\/www.berufsverband-beratende-berufe.ch\/"},{"@type":"ListItem","position":2,"name":"Veranstaltungen"}]},{"@type":"WebSite","@id":"https:\/\/www.berufsverband-beratende-berufe.ch\/#website","url":"https:\/\/www.berufsverband-beratende-berufe.ch\/","name":"Association professionnelle des professions de conseil","description":"","potentialAction":[{"@type":"SearchAction","target":{"@type":"EntryPoint","urlTemplate":"https:\/\/www.berufsverband-beratende-berufe.ch\/?s={search_term_string}"},"query-input":{"@type":"PropertyValueSpecification","valueRequired":true,"valueName":"search_term_string"}}],"inLanguage":"fr-FR"}]}},"_links":{"self":[{"href":"https:\/\/www.berufsverband-beratende-berufe.ch\/fr\/wp-json\/wp\/v2\/pages\/14755","targetHints":{"allow":["GET"]}}],"collection":[{"href":"https:\/\/www.berufsverband-beratende-berufe.ch\/fr\/wp-json\/wp\/v2\/pages"}],"about":[{"href":"https:\/\/www.berufsverband-beratende-berufe.ch\/fr\/wp-json\/wp\/v2\/types\/page"}],"author":[{"embeddable":true,"href":"https:\/\/www.berufsverband-beratende-berufe.ch\/fr\/wp-json\/wp\/v2\/users\/1"}],"replies":[{"embeddable":true,"href":"https:\/\/www.berufsverband-beratende-berufe.ch\/fr\/wp-json\/wp\/v2\/comments?post=14755"}],"version-history":[{"count":10,"href":"https:\/\/www.berufsverband-beratende-berufe.ch\/fr\/wp-json\/wp\/v2\/pages\/14755\/revisions"}],"predecessor-version":[{"id":15263,"href":"https:\/\/www.berufsverband-beratende-berufe.ch\/fr\/wp-json\/wp\/v2\/pages\/14755\/revisions\/15263"}],"wp:attachment":[{"href":"https:\/\/www.berufsverband-beratende-berufe.ch\/fr\/wp-json\/wp\/v2\/media?parent=14755"}],"wp:term":[{"taxonomy":"folder","embeddable":true,"href":"https:\/\/www.berufsverband-beratende-berufe.ch\/fr\/wp-json\/wp\/v2\/folder?post=14755"}],"curies":[{"name":"wp","href":"https:\/\/api.w.org\/{rel}","templated":true}]}}