{"id":14751,"date":"2023-05-26T11:56:25","date_gmt":"2023-05-26T09:56:25","guid":{"rendered":"https:\/\/berufe.aretis-staging.ch\/?page_id=14751"},"modified":"2024-03-25T16:28:44","modified_gmt":"2024-03-25T15:28:44","slug":"avantages-2","status":"publish","type":"page","link":"https:\/\/www.berufsverband-beratende-berufe.ch\/fr\/avantages-2\/","title":{"rendered":"Avantages"},"content":{"rendered":"<div id='av_section_1'  class='avia-section av-w7qoku7-1638fd0ed3c1158fabc149c57ad06045 alternate_color avia-section-large avia-no-border-styling  avia-builder-el-0  el_before_av_section  avia-builder-el-first  avia-bg-style-scroll container_wrap fullsize'  ><div class='container av-section-cont-open' ><main  class='template-page content  av-content-full alpha units'><div class='post-entry post-entry-type-page post-entry-14751'><div class='entry-content-wrapper clearfix'>\n\n<style type=\"text\/css\" data-created_by=\"avia_inline_auto\" id=\"style-css-av-li4q2pin-5c310d1bef191e1df8c3ace607cf79dc\">\n#top .av-special-heading.av-li4q2pin-5c310d1bef191e1df8c3ace607cf79dc{\npadding-bottom:10px;\n}\nbody .av-special-heading.av-li4q2pin-5c310d1bef191e1df8c3ace607cf79dc .av-special-heading-tag .heading-char{\nfont-size:25px;\n}\n.av-special-heading.av-li4q2pin-5c310d1bef191e1df8c3ace607cf79dc .av-subheading{\nfont-size:15px;\n}\n<\/style>\n<div  class='av-special-heading av-li4q2pin-5c310d1bef191e1df8c3ace607cf79dc av-special-heading-h1 blockquote modern-quote modern-centered  avia-builder-el-1  el_before_av_one_half  avia-builder-el-first'><h1 class='av-special-heading-tag'  >Vos avantages en tant que membre<\/h1><div class='av-subheading av-subheading_below'><p>Profitez pleinement<\/p>\n<\/div><div class=\"special-heading-border\"><div class=\"special-heading-inner-border\"><\/div><\/div><\/div>\n<div class='flex_column_table av-v4i3iyn-991dee34bf9b92a1c6408b0d07473311 sc-av_one_half av-equal-height-column-flextable'>\n<style type=\"text\/css\" data-created_by=\"avia_inline_auto\" id=\"style-css-av-v4i3iyn-991dee34bf9b92a1c6408b0d07473311\">\n@keyframes av_boxShadowEffect_av-v4i3iyn-991dee34bf9b92a1c6408b0d07473311-column {\n0%   { box-shadow:  0 0 0 0 #d3d3d3; opacity: 1; }\n100% { box-shadow:  0 0 20px 0 #d3d3d3; opacity: 1; }\n}\n.flex_column.av-v4i3iyn-991dee34bf9b92a1c6408b0d07473311{\nbox-shadow: 0 0 20px 0 #d3d3d3;\npadding:35px 35px 35px 35px;\nbackground-color:#ffffff;\n}\n<\/style>\n<div  class='flex_column av-v4i3iyn-991dee34bf9b92a1c6408b0d07473311 av_one_half  avia-builder-el-2  el_after_av_heading  el_before_av_one_half  first flex_column_table_cell av-equal-height-column av-align-top shadow-not-animated'     ><article  class='iconbox iconbox_left av-21u2e7-07927510c6fea205291c1b7b167f0167  avia-builder-el-3  avia-builder-el-no-sibling' ><div class=\"iconbox_content\"><header class=\"entry-content-header\" aria-label=\"Ic\u00f4ne : Plus de temps pour les choses importantes\"><div class='iconbox_icon heading-color avia-iconfont avia-font-entypo-fontello' data-av_icon='\ue863' data-av_iconfont='entypo-fontello'  ><\/div><h3 class='iconbox_content_title' >Plus de temps pour les choses importantes<\/h3><\/header><div class='iconbox_content_container' ><p>Nos services fiduciaires vous d\u00e9chargent des t\u00e2ches administratives, r\u00e9glementaires et de gestion. Vous avez plus de temps et la certitude que tout sera fait de mani\u00e8re fiable et professionnelle.<\/p>\n<\/div><\/div><footer class=\"entry-footer\"><\/footer><\/article><\/div><div class='av-flex-placeholder'><\/div>\n<style type=\"text\/css\" data-created_by=\"avia_inline_auto\" id=\"style-css-av-1hopnbz-12af5f8dec314e8481e0c9fe8a52c11a\">\n@keyframes av_boxShadowEffect_av-1hopnbz-12af5f8dec314e8481e0c9fe8a52c11a-column {\n0%   { box-shadow:  0 0 0 0 #d3d3d3; opacity: 1; }\n100% { box-shadow:  0 0 20px 0 #d3d3d3; opacity: 1; }\n}\n.flex_column.av-1hopnbz-12af5f8dec314e8481e0c9fe8a52c11a{\nbox-shadow: 0 0 20px 0 #d3d3d3;\npadding:35px 35px 35px 35px;\nbackground-color:#ffffff;\n}\n<\/style>\n<div  class='flex_column av-1hopnbz-12af5f8dec314e8481e0c9fe8a52c11a av_one_half  avia-builder-el-4  el_after_av_one_half  el_before_av_one_half  flex_column_table_cell av-equal-height-column av-align-top shadow-not-animated'     ><article  class='iconbox iconbox_left av-li4qefj1-240d5fbb2765b2d6e8cc708d87298535  avia-builder-el-5  avia-builder-el-no-sibling' ><div class=\"iconbox_content\"><header class=\"entry-content-header\" aria-label=\"Ic\u00f4ne : Toujours rester inform\u00e9\"><div class='iconbox_icon heading-color avia-iconfont avia-font-entypo-fontello' data-av_icon='\ue83c' data-av_iconfont='entypo-fontello'  ><\/div><h3 class='iconbox_content_title' >Toujours rester inform\u00e9<\/h3><\/header><div class='iconbox_content_container' ><p>En tant que membre de l'association professionnelle des professions de conseil, vous pouvez participer \u00e0 diff\u00e9rentes manifestations telles que des conf\u00e9rences sp\u00e9cialis\u00e9es, des expos\u00e9s, des \u00e9v\u00e9nements de r\u00e9seautage ou des formations en marketing.<\/p>\n<\/div><\/div><footer class=\"entry-footer\"><\/footer><\/article><\/div><\/div><!--close column table wrapper. Autoclose: 1 --><div class='flex_column_table av-1aqh5rz-2c00ddd5b02c4dc3fdc5378e238ad5b4 sc-av_one_half av-equal-height-column-flextable'>\n<style type=\"text\/css\" data-created_by=\"avia_inline_auto\" id=\"style-css-av-1aqh5rz-2c00ddd5b02c4dc3fdc5378e238ad5b4\">\n@keyframes av_boxShadowEffect_av-1aqh5rz-2c00ddd5b02c4dc3fdc5378e238ad5b4-column {\n0%   { box-shadow:  0 0 0 0 #d3d3d3; opacity: 1; }\n100% { box-shadow:  0 0 20px 0 #d3d3d3; opacity: 1; }\n}\n.flex_column.av-1aqh5rz-2c00ddd5b02c4dc3fdc5378e238ad5b4{\nbox-shadow: 0 0 20px 0 #d3d3d3;\npadding:35px 35px 35px 35px;\nbackground-color:#ffffff;\n}\n<\/style>\n<div  class='flex_column av-1aqh5rz-2c00ddd5b02c4dc3fdc5378e238ad5b4 av_one_half  avia-builder-el-6  el_after_av_one_half  el_before_av_one_half  first flex_column_table_cell av-equal-height-column av-align-top shadow-not-animated  column-top-margin'     ><article  class='iconbox iconbox_left av-li4qgcsu-4a2a8cba7ff6958b673de3a77932a134  avia-builder-el-7  avia-builder-el-no-sibling' ><div class=\"iconbox_content\"><header class=\"entry-content-header\" aria-label=\"Ic\u00f4ne : un suivi personnalis\u00e9 complet\"><div class='iconbox_icon heading-color avia-iconfont avia-font-entypo-fontello' data-av_icon='\ue80b' data-av_iconfont='entypo-fontello'  ><\/div><h3 class='iconbox_content_title' >Une assistance personnelle compl\u00e8te<\/h3><\/header><div class='iconbox_content_container' ><p>Nos membres ont la possibilit\u00e9 d'\u00e9changer avec des experts en mati\u00e8re de placements financiers, d'assurances, d'imp\u00f4ts, de successions ou de r\u00e8glements de successions.<\/p>\n<\/div><\/div><footer class=\"entry-footer\"><\/footer><\/article><\/div><div class='av-flex-placeholder'><\/div>\n<style type=\"text\/css\" data-created_by=\"avia_inline_auto\" id=\"style-css-av-wpd05b-49d9196c0370b52a801546e6f8fedb96\">\n@keyframes av_boxShadowEffect_av-wpd05b-49d9196c0370b52a801546e6f8fedb96-column {\n0%   { box-shadow:  0 0 0 0 #d3d3d3; opacity: 1; }\n100% { box-shadow:  0 0 20px 0 #d3d3d3; opacity: 1; }\n}\n.flex_column.av-wpd05b-49d9196c0370b52a801546e6f8fedb96{\nbox-shadow: 0 0 20px 0 #d3d3d3;\npadding:35px 35px 35px 35px;\nbackground-color:#ffffff;\n}\n<\/style>\n<div  class='flex_column av-wpd05b-49d9196c0370b52a801546e6f8fedb96 av_one_half  avia-builder-el-8  el_after_av_one_half  avia-builder-el-last  flex_column_table_cell av-equal-height-column av-align-top shadow-not-animated  column-top-margin'     ><article  class='iconbox iconbox_left av-li4qhl3q-83233d15bf427aaf07a22416bb9c1468  avia-builder-el-9  avia-builder-el-no-sibling' ><div class=\"iconbox_content\"><header class=\"entry-content-header\" aria-label=\"Ic\u00f4ne : R\u00e9duire les co\u00fbts\"><div class='iconbox_icon heading-color avia-iconfont avia-font-fontello' data-av_icon='\ue804' data-av_iconfont='fontello'  ><\/div><h3 class='iconbox_content_title' >R\u00e9duire les co\u00fbts<\/h3><\/header><div class='iconbox_content_container' ><p>En tant que groupement d'achat, l'association professionnelle des professions de conseil offre \u00e0 ses membres des conditions pr\u00e9f\u00e9rentielles pour l'achat de logiciels, la participation \u00e0 des formations, des formations continues ou pour l'abonnement \u00e0 des revues sp\u00e9cialis\u00e9es.<\/p>\n<\/div><\/div><footer class=\"entry-footer\"><\/footer><\/article><\/div><\/div><!--close column table wrapper. Autoclose: 1 --><\/div><\/div><\/main><!-- close content main element --><\/div><\/div>\n<style type=\"text\/css\" data-created_by=\"avia_inline_auto\" id=\"style-css-av-66a4vjz-e383ac313358b52df885931fb399ad0e\">\n.avia-section.av-66a4vjz-e383ac313358b52df885931fb399ad0e .av-parallax .av-parallax-inner{\nbackground-repeat:no-repeat;\nbackground-image:url(https:\/\/www.berufsverband-beratende-berufe.ch\/wp-content\/uploads\/berufe_parallax.jpg);\nbackground-position:50% 50%;\nbackground-attachment:scroll;\n}\n.avia-section.av-66a4vjz-e383ac313358b52df885931fb399ad0e .av-section-color-overlay{\nopacity:0.7;\nbackground-color:#00688d;\n}\n<\/style>\n<div id='stretch_width'  class='avia-section av-66a4vjz-e383ac313358b52df885931fb399ad0e main_color avia-section-huge avia-no-border-styling  avia-builder-el-10  el_after_av_section  avia-builder-el-last  av-parallax-section avia-bg-style-parallax av-section-color-overlay-active container_wrap fullsize'  data-section-bg-repeat='no-repeat'><div class='av-parallax' data-avia-parallax-ratio='0.3' ><div class='av-parallax-inner main_color avia-full-stretch'><\/div><\/div><div class=\"av-section-color-overlay-wrap\"><div class=\"av-section-color-overlay\"><\/div><div class='container av-section-cont-open' ><div class='template-page content  av-content-full alpha units'><div class='post-entry post-entry-type-page post-entry-14751'><div class='entry-content-wrapper clearfix'>\n<div class='flex_column_table av-5yv63wf-d583f2330a19f0a52ad4979f64807f13 sc-av_one_third av-equal-height-column-flextable'>\n<style type=\"text\/css\" data-created_by=\"avia_inline_auto\" id=\"style-css-av-5yv63wf-d583f2330a19f0a52ad4979f64807f13\">\n.flex_column.av-5yv63wf-d583f2330a19f0a52ad4979f64807f13{\nwidth:31%;\nmargin-left:0;\npadding:35px 35px 35px 35px;\nbackground-color:#ffffff;\n}\n#top .flex_column_table.av-equal-height-column-flextable.av-5yv63wf-d583f2330a19f0a52ad4979f64807f13 .av-flex-placeholder{\nwidth:3.5%;\n}\n<\/style>\n<div  class='flex_column av-5yv63wf-d583f2330a19f0a52ad4979f64807f13 av_one_third  avia-builder-el-11  el_before_av_one_third  avia-builder-el-first  first flex_column_table_cell av-equal-height-column av-align-top'     ><p>\n<style type=\"text\/css\" data-created_by=\"avia_inline_auto\" id=\"style-css-av-5bkacjj-c39baf622fc798213b20a9a8b3b23957\">\n#top .av-special-heading.av-5bkacjj-c39baf622fc798213b20a9a8b3b23957{\npadding-bottom:10px;\n}\nbody .av-special-heading.av-5bkacjj-c39baf622fc798213b20a9a8b3b23957 .av-special-heading-tag .heading-char{\nfont-size:25px;\n}\n.av-special-heading.av-5bkacjj-c39baf622fc798213b20a9a8b3b23957 .av-subheading{\nfont-size:15px;\n}\n<\/style>\n<div  class='av-special-heading av-5bkacjj-c39baf622fc798213b20a9a8b3b23957 av-special-heading-h3 blockquote modern-quote modern-centered  avia-builder-el-12  el_before_av_textblock  avia-builder-el-first'><h3 class='av-special-heading-tag'  >Devenir membre<\/h3><div class=\"special-heading-border\"><div class=\"special-heading-inner-border\"><\/div><\/div><\/div><br \/>\n<section  class='av_textblock_section av-4ndflzz-a7e67bf6966285a05ee1e88175b10a6f'  ><div class='avia_textblock' ><p style=\"text-align: center;\">Profitez des avantages en tant que membre de l'association professionnelle des professions de conseil<\/p>\n<\/div><\/section><br \/>\n<div  class='avia-button-wrap av-4ged473-5daba207c73fa035c1d21aaeb47b0253-wrap avia-button-center  avia-builder-el-14  el_after_av_textblock  avia-builder-el-last'><a href='https:\/\/www.berufsverband-beratende-berufe.ch\/fr\/devenir-membre\/'  class='avia-button av-4ged473-5daba207c73fa035c1d21aaeb47b0253 av-link-btn avia-icon_select-no avia-size-large avia-position-center avia-color-theme-color'   aria-label=\"Rejoindre maintenant\"><span class='avia_iconbox_title' >Rejoindre maintenant<\/span><\/a><\/div><\/p><\/div><div class='av-flex-placeholder'><\/div>\n<style type=\"text\/css\" data-created_by=\"avia_inline_auto\" id=\"style-css-av-412ifkv-a2459b375b3274674bc438af9bbf1604\">\n.flex_column.av-412ifkv-a2459b375b3274674bc438af9bbf1604{\nwidth:31%;\nmargin-left:0;\npadding:35px 35px 35px 35px;\nbackground-color:#ffffff;\n}\n#top .flex_column_table.av-equal-height-column-flextable.av-412ifkv-a2459b375b3274674bc438af9bbf1604 .av-flex-placeholder{\nwidth:3.5%;\n}\n<\/style>\n<div  class='flex_column av-412ifkv-a2459b375b3274674bc438af9bbf1604 av_one_third  avia-builder-el-15  el_after_av_one_third  el_before_av_one_third  flex_column_table_cell av-equal-height-column av-align-top'     ><p>\n<style type=\"text\/css\" data-created_by=\"avia_inline_auto\" id=\"style-css-av-3cr0iin-37b6f0ae41d26f906d38b359428a795e\">\n#top .av-special-heading.av-3cr0iin-37b6f0ae41d26f906d38b359428a795e{\npadding-bottom:10px;\n}\nbody .av-special-heading.av-3cr0iin-37b6f0ae41d26f906d38b359428a795e .av-special-heading-tag .heading-char{\nfont-size:25px;\n}\n.av-special-heading.av-3cr0iin-37b6f0ae41d26f906d38b359428a795e .av-subheading{\nfont-size:15px;\n}\n<\/style>\n<div  class='av-special-heading av-3cr0iin-37b6f0ae41d26f906d38b359428a795e av-special-heading-h3 blockquote modern-quote modern-centered  avia-builder-el-16  el_before_av_textblock  avia-builder-el-first'><h3 class='av-special-heading-tag'  >Commander de la documentation<\/h3><div class=\"special-heading-border\"><div class=\"special-heading-inner-border\"><\/div><\/div><\/div><br \/>\n<section  class='av_textblock_section av-2vk8pi7-bad7783739db6f22eb39378b996af06a'  ><div class='avia_textblock' ><p style=\"text-align: center;\">En savoir plus sur l'association professionnelle et nos offres<\/p>\n<\/div><\/section><br \/>\n<div  class='avia-button-wrap av-2n50n3z-7e72574935f347583855647b1d870a83-wrap avia-button-center  avia-builder-el-18  el_after_av_textblock  avia-builder-el-last'><a href='mailto:verband@berufsverband-beratende-berufe.ch'  class='avia-button av-2n50n3z-7e72574935f347583855647b1d870a83 av-link-btn avia-icon_select-no avia-size-large avia-position-center avia-color-theme-color'   aria-label=\"Commander maintenant\"><span class='avia_iconbox_title' >Commander maintenant<\/span><\/a><\/div><\/p><\/div><div class='av-flex-placeholder'><\/div>\n<style type=\"text\/css\" data-created_by=\"avia_inline_auto\" id=\"style-css-av-26yx4yn-4c80e770e1f1f71466e5d184d0ab61d9\">\n.flex_column.av-26yx4yn-4c80e770e1f1f71466e5d184d0ab61d9{\nwidth:31%;\nmargin-left:0;\npadding:35px 35px 35px 35px;\nbackground-color:#ffffff;\n}\n#top .flex_column_table.av-equal-height-column-flextable.av-26yx4yn-4c80e770e1f1f71466e5d184d0ab61d9 .av-flex-placeholder{\nwidth:3.5%;\n}\n<\/style>\n<div  class='flex_column av-26yx4yn-4c80e770e1f1f71466e5d184d0ab61d9 av_one_third  avia-builder-el-19  el_after_av_one_third  avia-builder-el-last  flex_column_table_cell av-equal-height-column av-align-top'     ><p>\n<style type=\"text\/css\" data-created_by=\"avia_inline_auto\" id=\"style-css-av-1j9morj-021eddecfc4b2c442559af90fa02882f\">\n#top .av-special-heading.av-1j9morj-021eddecfc4b2c442559af90fa02882f{\npadding-bottom:10px;\n}\nbody .av-special-heading.av-1j9morj-021eddecfc4b2c442559af90fa02882f .av-special-heading-tag .heading-char{\nfont-size:25px;\n}\n.av-special-heading.av-1j9morj-021eddecfc4b2c442559af90fa02882f .av-subheading{\nfont-size:15px;\n}\n<\/style>\n<div  class='av-special-heading av-1j9morj-021eddecfc4b2c442559af90fa02882f av-special-heading-h3 blockquote modern-quote modern-centered  avia-builder-el-20  el_before_av_textblock  avia-builder-el-first'><h3 class='av-special-heading-tag'  >Prendre rendez-vous<\/h3><div class=\"special-heading-border\"><div class=\"special-heading-inner-border\"><\/div><\/div><\/div><br \/>\n<section  class='av_textblock_section av-103tva7-fac600dbc8813676b34dc4aa4acda41c'  ><div class='avia_textblock' ><p style=\"text-align: center;\">Convenez d'un rendez-vous sans engagement avec nos experts<\/p>\n<\/div><\/section><br \/>\n<div  class='avia-button-wrap av-vjkdhb-4a7709bb481af03a2154626c8b20b7d9-wrap avia-button-center  avia-builder-el-22  el_after_av_textblock  avia-builder-el-last'><a href='mailto:verband@berufsverband-beratende-berufe.ch'  class='avia-button av-vjkdhb-4a7709bb481af03a2154626c8b20b7d9 av-link-btn avia-icon_select-no avia-size-large avia-position-center avia-color-theme-color'   aria-label=\"Prendre rendez-vous\"><span class='avia_iconbox_title' >Prendre rendez-vous<\/span><\/a><\/div><\/p><\/div><\/div><!--close column table wrapper. Autoclose: 1 -->\n<\/p>","protected":false},"excerpt":{"rendered":"","protected":false},"author":1,"featured_media":0,"parent":0,"menu_order":2,"comment_status":"closed","ping_status":"closed","template":"","meta":{"footnotes":""},"folder":[],"class_list":["post-14751","page","type-page","status-publish","hentry"],"yoast_head":"<!-- This site is optimized with the Yoast SEO plugin v27.4 - https:\/\/yoast.com\/product\/yoast-seo-wordpress\/ -->\n<title>Ihre Vorteile: So profitieren unsere Verbands-Mitglieder<\/title>\n<meta name=\"description\" content=\"Wir beraten Sie in Finanz- und Treuhandfragen und entlasten Sie von administrativen, regulatorischen und betriebswirtschaftlichen Aufgaben.\" \/>\n<meta name=\"robots\" content=\"index, follow, max-snippet:-1, max-image-preview:large, max-video-preview:-1\" \/>\n<link rel=\"canonical\" href=\"https:\/\/www.berufsverband-beratende-berufe.ch\/fr\/avantages-2\/\" \/>\n<meta property=\"og:locale\" content=\"fr_FR\" \/>\n<meta property=\"og:type\" content=\"article\" \/>\n<meta property=\"og:title\" content=\"Ihre Vorteile: So profitieren unsere Verbands-Mitglieder\" \/>\n<meta property=\"og:description\" content=\"Wir beraten Sie in Finanz- und Treuhandfragen und entlasten Sie von administrativen, regulatorischen und betriebswirtschaftlichen Aufgaben.\" \/>\n<meta property=\"og:url\" content=\"https:\/\/www.berufsverband-beratende-berufe.ch\/fr\/avantages-2\/\" \/>\n<meta property=\"og:site_name\" content=\"Berufsverband Beratende Berufe\" \/>\n<meta property=\"article:modified_time\" content=\"2024-03-25T15:28:44+00:00\" \/>\n<meta name=\"twitter:card\" content=\"summary_large_image\" \/>\n<meta name=\"twitter:label1\" content=\"Dur\u00e9e de lecture estim\u00e9e\" \/>\n\t<meta name=\"twitter:data1\" content=\"1 minute\" \/>\n<script type=\"application\/ld+json\" class=\"yoast-schema-graph\">{\"@context\":\"https:\\\/\\\/schema.org\",\"@graph\":[{\"@type\":\"WebPage\",\"@id\":\"https:\\\/\\\/www.berufsverband-beratende-berufe.ch\\\/vorteile\\\/\",\"url\":\"https:\\\/\\\/www.berufsverband-beratende-berufe.ch\\\/vorteile\\\/\",\"name\":\"Ihre Vorteile: So profitieren unsere Verbands-Mitglieder\",\"isPartOf\":{\"@id\":\"https:\\\/\\\/www.berufsverband-beratende-berufe.ch\\\/#website\"},\"datePublished\":\"2023-05-26T09:56:25+00:00\",\"dateModified\":\"2024-03-25T15:28:44+00:00\",\"description\":\"Wir beraten Sie in Finanz- und Treuhandfragen und entlasten Sie von administrativen, regulatorischen und betriebswirtschaftlichen Aufgaben.\",\"breadcrumb\":{\"@id\":\"https:\\\/\\\/www.berufsverband-beratende-berufe.ch\\\/vorteile\\\/#breadcrumb\"},\"inLanguage\":\"fr-FR\",\"potentialAction\":[{\"@type\":\"ReadAction\",\"target\":[\"https:\\\/\\\/www.berufsverband-beratende-berufe.ch\\\/vorteile\\\/\"]}]},{\"@type\":\"BreadcrumbList\",\"@id\":\"https:\\\/\\\/www.berufsverband-beratende-berufe.ch\\\/vorteile\\\/#breadcrumb\",\"itemListElement\":[{\"@type\":\"ListItem\",\"position\":1,\"name\":\"Startseite\",\"item\":\"https:\\\/\\\/www.berufsverband-beratende-berufe.ch\\\/\"},{\"@type\":\"ListItem\",\"position\":2,\"name\":\"Vorteile\"}]},{\"@type\":\"WebSite\",\"@id\":\"https:\\\/\\\/www.berufsverband-beratende-berufe.ch\\\/#website\",\"url\":\"https:\\\/\\\/www.berufsverband-beratende-berufe.ch\\\/\",\"name\":\"Berufsverband Beratende Berufe\",\"description\":\"\",\"potentialAction\":[{\"@type\":\"SearchAction\",\"target\":{\"@type\":\"EntryPoint\",\"urlTemplate\":\"https:\\\/\\\/www.berufsverband-beratende-berufe.ch\\\/?s={search_term_string}\"},\"query-input\":{\"@type\":\"PropertyValueSpecification\",\"valueRequired\":true,\"valueName\":\"search_term_string\"}}],\"inLanguage\":\"fr-FR\"}]}<\/script>\n<!-- \/ Yoast SEO plugin. -->","yoast_head_json":{"title":"Vos avantages : voici ce dont profitent les membres de notre association","description":"Nous vous conseillons sur les questions financi\u00e8res et fiduciaires et vous d\u00e9chargeons des t\u00e2ches administratives, r\u00e9glementaires et de gestion.","robots":{"index":"index","follow":"follow","max-snippet":"max-snippet:-1","max-image-preview":"max-image-preview:large","max-video-preview":"max-video-preview:-1"},"canonical":"https:\/\/www.berufsverband-beratende-berufe.ch\/fr\/avantages-2\/","og_locale":"fr_FR","og_type":"article","og_title":"Ihre Vorteile: So profitieren unsere Verbands-Mitglieder","og_description":"Wir beraten Sie in Finanz- und Treuhandfragen und entlasten Sie von administrativen, regulatorischen und betriebswirtschaftlichen Aufgaben.","og_url":"https:\/\/www.berufsverband-beratende-berufe.ch\/fr\/avantages-2\/","og_site_name":"Berufsverband Beratende Berufe","article_modified_time":"2024-03-25T15:28:44+00:00","twitter_card":"summary_large_image","twitter_misc":{"Dur\u00e9e de lecture estim\u00e9e":"1 minute"},"schema":{"@context":"https:\/\/schema.org","@graph":[{"@type":"WebPage","@id":"https:\/\/www.berufsverband-beratende-berufe.ch\/vorteile\/","url":"https:\/\/www.berufsverband-beratende-berufe.ch\/vorteile\/","name":"Vos avantages : voici ce dont profitent les membres de notre association","isPartOf":{"@id":"https:\/\/www.berufsverband-beratende-berufe.ch\/#website"},"datePublished":"2023-05-26T09:56:25+00:00","dateModified":"2024-03-25T15:28:44+00:00","description":"Nous vous conseillons sur les questions financi\u00e8res et fiduciaires et vous d\u00e9chargeons des t\u00e2ches administratives, r\u00e9glementaires et de gestion.","breadcrumb":{"@id":"https:\/\/www.berufsverband-beratende-berufe.ch\/vorteile\/#breadcrumb"},"inLanguage":"fr-FR","potentialAction":[{"@type":"ReadAction","target":["https:\/\/www.berufsverband-beratende-berufe.ch\/vorteile\/"]}]},{"@type":"BreadcrumbList","@id":"https:\/\/www.berufsverband-beratende-berufe.ch\/vorteile\/#breadcrumb","itemListElement":[{"@type":"ListItem","position":1,"name":"Startseite","item":"https:\/\/www.berufsverband-beratende-berufe.ch\/"},{"@type":"ListItem","position":2,"name":"Vorteile"}]},{"@type":"WebSite","@id":"https:\/\/www.berufsverband-beratende-berufe.ch\/#website","url":"https:\/\/www.berufsverband-beratende-berufe.ch\/","name":"Association professionnelle des professions de conseil","description":"","potentialAction":[{"@type":"SearchAction","target":{"@type":"EntryPoint","urlTemplate":"https:\/\/www.berufsverband-beratende-berufe.ch\/?s={search_term_string}"},"query-input":{"@type":"PropertyValueSpecification","valueRequired":true,"valueName":"search_term_string"}}],"inLanguage":"fr-FR"}]}},"_links":{"self":[{"href":"https:\/\/www.berufsverband-beratende-berufe.ch\/fr\/wp-json\/wp\/v2\/pages\/14751","targetHints":{"allow":["GET"]}}],"collection":[{"href":"https:\/\/www.berufsverband-beratende-berufe.ch\/fr\/wp-json\/wp\/v2\/pages"}],"about":[{"href":"https:\/\/www.berufsverband-beratende-berufe.ch\/fr\/wp-json\/wp\/v2\/types\/page"}],"author":[{"embeddable":true,"href":"https:\/\/www.berufsverband-beratende-berufe.ch\/fr\/wp-json\/wp\/v2\/users\/1"}],"replies":[{"embeddable":true,"href":"https:\/\/www.berufsverband-beratende-berufe.ch\/fr\/wp-json\/wp\/v2\/comments?post=14751"}],"version-history":[{"count":5,"href":"https:\/\/www.berufsverband-beratende-berufe.ch\/fr\/wp-json\/wp\/v2\/pages\/14751\/revisions"}],"predecessor-version":[{"id":15174,"href":"https:\/\/www.berufsverband-beratende-berufe.ch\/fr\/wp-json\/wp\/v2\/pages\/14751\/revisions\/15174"}],"wp:attachment":[{"href":"https:\/\/www.berufsverband-beratende-berufe.ch\/fr\/wp-json\/wp\/v2\/media?parent=14751"}],"wp:term":[{"taxonomy":"folder","embeddable":true,"href":"https:\/\/www.berufsverband-beratende-berufe.ch\/fr\/wp-json\/wp\/v2\/folder?post=14751"}],"curies":[{"name":"wp","href":"https:\/\/api.w.org\/{rel}","templated":true}]}}